{"id":583790,"date":"2024-06-12T12:54:46","date_gmt":"2024-06-12T09:54:46","guid":{"rendered":"https:\/\/hosemarket.com\/be-om-en-offert"},"modified":"2024-07-22T15:47:28","modified_gmt":"2024-07-22T12:47:28","slug":"be-om-en-offert","status":"publish","type":"page","link":"https:\/\/hosemarket.com\/sv\/be-om-en-offert\/","title":{"rendered":"Be om en offert"},"content":{"rendered":"\n\n\t<section class=\"section\" id=\"section_2051725299\">\n\t\t<div class=\"section-bg fill\" >\n\t\t\t\t\t\t\t\t\t\n\t\t\t\n\n\t\t<\/div>\n\n\t\t\n\n\t\t<div class=\"section-content relative\">\n\t\t\t\n\n\t<div id=\"gap-978482220\" class=\"gap-element clearfix\" style=\"display:block; height:auto;\">\n\t\t\n<style>\n#gap-978482220 {\n  padding-top: 60px;\n}\n<\/style>\n\t<\/div>\n\t\n\n<div class=\"row\"  id=\"row-2029149259\">\n\n\n\t<div id=\"col-1464320364\" class=\"col medium-6 small-12 large-6\"  >\n\t\t\t\t<div class=\"col-inner\"  >\n\t\t\t\n\t\t\t\n\n\t<div class=\"img has-hover x md-x lg-x y md-y lg-y\" id=\"image_1225967107\">\n\t\t\t\t\t\t\t\t<div class=\"img-inner dark\" >\n\t\t\t<img decoding=\"async\" width=\"1020\" height=\"1020\" src=\"https:\/\/hosemarket.com\/wp-content\/uploads\/2024\/06\/hosemarket-full-metal-hoses-editorial-1920x1920.webp\" class=\"attachment-large size-large\" alt=\"Fl\u00e4tade slangar av helmetall fr\u00e5n Hosemarket\" srcset=\"https:\/\/hosemarket.com\/wp-content\/uploads\/2024\/06\/hosemarket-full-metal-hoses-editorial-1920x1920.webp 1920w, https:\/\/hosemarket.com\/wp-content\/uploads\/2024\/06\/hosemarket-full-metal-hoses-editorial-64x64.webp 64w, https:\/\/hosemarket.com\/wp-content\/uploads\/2024\/06\/hosemarket-full-metal-hoses-editorial-1200x1200.webp 1200w, https:\/\/hosemarket.com\/wp-content\/uploads\/2024\/06\/hosemarket-full-metal-hoses-editorial-768x768.webp 768w, https:\/\/hosemarket.com\/wp-content\/uploads\/2024\/06\/hosemarket-full-metal-hoses-editorial-1536x1536.webp 1536w, https:\/\/hosemarket.com\/wp-content\/uploads\/2024\/06\/hosemarket-full-metal-hoses-editorial-2048x2048.webp 2048w, https:\/\/hosemarket.com\/wp-content\/uploads\/2024\/06\/hosemarket-full-metal-hoses-editorial-800x800.webp 800w, https:\/\/hosemarket.com\/wp-content\/uploads\/2024\/06\/hosemarket-full-metal-hoses-editorial-100x100.webp 100w\" sizes=\"(max-width: 1020px) 100vw, 1020px\" title=\"| | Hosemarket\">\t\t\t\t\t\t\n\t\t\t\t\t<\/div>\n\t\t\t\t\t\t\t\t\n<style>\n#image_1225967107 {\n  width: 39%;\n}\n<\/style>\n\t<\/div>\n\t\n\n\t<div id=\"text-3666923775\" class=\"text\">\n\t\t\n\n<h2 class=\"uppercase\"><span style=\"font-size: 150%;\"><strong>Du \u00e4r h\u00e4r<br>av en anledning<\/strong><\/span><\/h2>\n<p><span style=\"font-size: 120%;\">Om du inte har tid att bl\u00e4ddra runt eller inte hittar r\u00e4tt produkt som passar dina behov &#8211; be om en snabb offert s\u00e5 svarar vi dig<strong> <span style=\"text-decoration: underline;\">inom tv\u00e5 timmar.<\/span><\/strong> <\/span><\/p>\n<p><span style=\"font-size: 120%;\">Vi kallar det<strong> den<\/strong> enklaste m\u00f6jliga l\u00f6sningen f\u00f6r alla slang- och kopplingssituationer.<br><\/span><\/p>\n\t\t\n<style>\n#text-3666923775 {\n  color: rgb(255,255,255);\n}\n#text-3666923775 > * {\n  color: rgb(255,255,255);\n}\n<\/style>\n\t<\/div>\n\t\n\n\t\t<\/div>\n\t\t\t\t\n<style>\n#col-1464320364 > .col-inner {\n  padding: 0px 10px 0px 10px;\n}\n@media (min-width:550px) {\n  #col-1464320364 > .col-inner {\n    padding: 0px 0px 0px 10px;\n  }\n}\n<\/style>\n\t<\/div>\n\n\t\n\n\t<div id=\"col-1389897681\" class=\"col medium-6 small-12 large-6\"  >\n\t\t\t\t<div class=\"col-inner\"  >\n\t\t\t\n\t\t\t\n\n\n\n<script charset=\"utf-8\" type=\"text\/javascript\" src=\"\/\/js.hsforms.net\/forms\/embed\/v2.js\"><\/script><script>hbspt.forms.create({\n    region: \"na1\",\n    portalId: \"9243821\",\n    formId: \"3145ef87-a947-4ca0-87ec-022963be8034\"\n  });\n<\/script>\n\n\n\t\t<\/div>\n\t\t\t\t\n<style>\n#col-1389897681 > .col-inner {\n  padding: 0px 10px 0px 10px;\n  margin: 60px 0px 0px 0px;\n}\n<\/style>\n\t<\/div>\n\n\t\n\n<\/div>\n\t<div id=\"gap-1595969515\" class=\"gap-element clearfix\" style=\"display:block; height:auto;\">\n\t\t\n<style>\n#gap-1595969515 {\n  padding-top: 60px;\n}\n<\/style>\n\t<\/div>\n\t\n\n\n\t\t<\/div>\n\n\t\t\n<style>\n#section_2051725299 {\n  padding-top: 30px;\n  padding-bottom: 30px;\n  background-color: rgb(37, 37, 37);\n}\n<\/style>\n\t<\/section>\n\t\n\n","protected":false},"excerpt":{"rendered":"","protected":false},"author":2,"featured_media":0,"parent":0,"menu_order":0,"comment_status":"closed","ping_status":"closed","template":"page-blank.php","meta":{"content-type":"","footnotes":""},"class_list":["post-583790","page","type-page","status-publish","hentry"],"_links":{"self":[{"href":"https:\/\/hosemarket.com\/sv\/wp-json\/wp\/v2\/pages\/583790","targetHints":{"allow":["GET"]}}],"collection":[{"href":"https:\/\/hosemarket.com\/sv\/wp-json\/wp\/v2\/pages"}],"about":[{"href":"https:\/\/hosemarket.com\/sv\/wp-json\/wp\/v2\/types\/page"}],"author":[{"embeddable":true,"href":"https:\/\/hosemarket.com\/sv\/wp-json\/wp\/v2\/users\/2"}],"replies":[{"embeddable":true,"href":"https:\/\/hosemarket.com\/sv\/wp-json\/wp\/v2\/comments?post=583790"}],"version-history":[{"count":0,"href":"https:\/\/hosemarket.com\/sv\/wp-json\/wp\/v2\/pages\/583790\/revisions"}],"wp:attachment":[{"href":"https:\/\/hosemarket.com\/sv\/wp-json\/wp\/v2\/media?parent=583790"}],"curies":[{"name":"wp","href":"https:\/\/api.w.org\/{rel}","templated":true}]}}