{"id":579836,"date":"2022-04-07T20:05:34","date_gmt":"2022-04-07T17:05:34","guid":{"rendered":"https:\/\/hosemarket.com\/tilaus-ja-toimitusehdot"},"modified":"2024-07-22T15:51:32","modified_gmt":"2024-07-22T12:51:32","slug":"terms-conditions","status":"publish","type":"page","link":"https:\/\/hosemarket.com\/sv\/terms-conditions\/","title":{"rendered":"Leveransvillkor"},"content":{"rendered":"\n<div class=\"row\"  id=\"row-467777453\">\n\n\n\t<div id=\"col-662654884\" class=\"col small-12 large-12\"  >\n\t\t\t\t<div class=\"col-inner\"  >\n\t\t\t\n\t\t\t\n\n\t<div id=\"text-2440351823\" class=\"text\">\n\t\t\n\n<h1><span style=\"font-size: 150%;\"><span style=\"color: #000000;\">Leveransvillkor<\/span><\/span><\/h1>\n<p><span style=\"color: #000000;\"> <\/span><\/p>\n<p> <\/p>\n<p>ALLM\u00c4NT<br>Dessa villkor g\u00e4ller f\u00f6r den Hosemarket.fi webbutiken, som \u00e4gs och drivs av Hosemarket (&#8220;Hosemarket&#8221;), 2037322-6, Teollisuustie 3, 06150 Borg\u00e5, Finland.<\/p>\n<p>KUNDER<br>Att bli kund i webbutiken kr\u00e4ver att du f\u00f6ljer butikens villkor och att du tillhandah\u00e5ller den n\u00f6dv\u00e4ndiga informationen fullst\u00e4ndigt och sanningsenligt.\nK\u00f6p i den Hosemarket.fi webbutiken kan g\u00f6ras av personer som fyllt 18 \u00e5r och av f\u00f6retag som \u00e4r registrerade i handelsregistret.\nBest\u00e4llning av produkter kr\u00e4ver inte registrering som kund i webbutiken.\nHosemarket f\u00f6rbeh\u00e5ller sig r\u00e4tten att acceptera eller avvisa en kunds registrering.   <\/p>\n<p>GODK\u00c4NNANDE OCH \u00c4NDRING AV VILLKOR<br>Genom att anv\u00e4nda Hosemarkets webbutik accepterar du dessa villkor och samtycker till att f\u00f6lja dem.\nHosemarket f\u00f6rbeh\u00e5ller sig r\u00e4tten att \u00e4ndra dessa villkor genom att publicera de reviderade villkoren p\u00e5 webbutikens webbplats.\nL\u00e4s igenom de aktuella villkoren innan du g\u00f6r en best\u00e4llning.  <\/p>\n<p>FUNKTIONALITET I WEBBUTIKEN<br>Hosemarket garanterar inte oavbruten eller felfri drift av webbutiken.\nAvbrott kan f\u00f6rekomma.\nHosemarket ansvarar inte f\u00f6r eventuella skador eller f\u00f6rluster relaterade till anv\u00e4ndningen av webbutiken om inte annat kr\u00e4vs enligt till\u00e4mplig tvingande lag.  <\/p>\n<p>BEST\u00c4LLNING<br>G\u00f6r din best\u00e4llning p\u00e5 webbplatsen genom att f\u00f6lja de givna instruktionerna.\nBeroende p\u00e5 betalningsmetod m\u00e5ste f\u00f6retags-, person- eller organisations-ID alltid anges med best\u00e4llningen.\nN\u00e4r du har gjort en best\u00e4llning f\u00e5r du en orderbekr\u00e4ftelse till den e-postadress du angett.\nOrderbekr\u00e4ftelsen kommer att inneh\u00e5lla detaljer som produktpris och leveransavgift.\nKontrollera orderbekr\u00e4ftelsen noggrant f\u00f6r att s\u00e4kerst\u00e4lla att informationen \u00e4r korrekt.\nOm det finns ett fel i orderbekr\u00e4ftelsen, du vill annullera best\u00e4llningen innan leverans, eller p\u00e5 annat s\u00e4tt \u00e4ndra best\u00e4llningen, kontakta v\u00e5r kundtj\u00e4nst omedelbart p\u00e5 ask@hosemarket.com.     <\/p>\n<p>R\u00c4TT ATT V\u00c4GRA LEVERANS<br>Hosemarket f\u00f6rbeh\u00e5ller sig r\u00e4tten att ensidigt avbryta f\u00f6rs\u00e4ljningen eller begr\u00e4nsa antalet levererade produkter utan ers\u00e4ttning eller \u00e5terbetalning om produkten inte \u00e4r tillg\u00e4nglig, efterfr\u00e5gan \u00f6verstiger tillg\u00e5ngen, eller om det finns ett v\u00e4sentligt och uppenbart fel i produktpriset eller annan information p\u00e5 webbplatsen som kunden borde ha f\u00f6rst\u00e5tt vid best\u00e4llningen.\nHosemarket har r\u00e4tt att neka en best\u00e4llning om kundens kreditinformation visar p\u00e5 en betalningsanm\u00e4rkning eller om kunden tidigare har underl\u00e5tit att betala f\u00f6r best\u00e4llda produkter. <\/p>\n<p>BETALNINGSVILLKOR<br>Betalning sker vid best\u00e4llningstillf\u00e4llet med de betalningsmetoder som finns tillg\u00e4ngliga p\u00e5 Hosemarket.fi webbplats.\nOm du \u00e4r en ny kund och v\u00e4ljer en annan leveransadress \u00e4n din hemadress kan Hosemarket kr\u00e4va betalning vid best\u00e4llningstillf\u00e4llet. <\/p>\n<p>HANTERINGS- OCH LEVERANSAVGIFTER<br>Aktuella leveranskostnader presenteras i webbutikens kassa.<\/p>\n<p>RETUR-, AVBOKNINGS- OCH BYTESPOLICY<br>Om du \u00e5ngrar k\u00f6pet eller meddelar oss om ett byte m\u00e5ste du returnera den mottagna produkten utan dr\u00f6jsm\u00e5l och senast 14 dagar fr\u00e5n det att du gjorde anm\u00e4lan om avbest\u00e4llning\/byte.\nObservera att retur- och bytesr\u00e4tten inte g\u00e4ller f\u00f6r specialtillverkade, broderade eller tryckta plagg som best\u00e4llts av kunden om det inte beror p\u00e5 ett fel fr\u00e5n v\u00e5r sida. <\/p>\n<p>TRANSPORT RISK<br>N\u00e4r en produkt skickas fr\u00e5n oss st\u00e5r vi f\u00f6r transporten.\nN\u00e4r du tar emot produkten har du sju (7) dagar p\u00e5 dig att rapportera eventuella skador som uppst\u00e5tt under transporten.\nOm ingen anm\u00e4lan g\u00f6rs inom angiven tid kommer inget krav p\u00e5 transportskada att accepteras.\nVid avbest\u00e4llningar eller byten st\u00e5r kunden f\u00f6r risken f\u00f6r returtransport.   <\/p>\n<p>ANSVAR F\u00d6R FEL<br>Om det finns ett fel i produkten, kontakta v\u00e5r kundtj\u00e4nst p\u00e5 ask@hosemarket.com f\u00f6r instruktioner om hur du returnerar den defekta produkten utan kostnad.\nProdukten ska returneras oanv\u00e4nd omedelbart efter att defekten har uppt\u00e4ckts.\nBeskriv felet i detalj och m\u00e4rk det om m\u00f6jligt, till exempel med tejp.  <\/p>\n<p>KVALITET<br>Hosemarket utvecklar kontinuerligt sina produkter, s\u00e5 ibland kanske den best\u00e4llda produkten inte exakt matchar den produkt som visas i katalogen.\nProdukten du f\u00e5r kommer dock att vara l\u00e4mplig f\u00f6r samma \u00e4ndam\u00e5l.\nOm du \u00e4nd\u00e5 vill returnera produkten f\u00e5r du naturligtvis en \u00e5terbetalning f\u00f6r produkten och returportot.  <\/p>\n<p>LEVERANS<br>Den produkt du best\u00e4llt kommer att levereras till dig inom en vecka efter best\u00e4llningen om inget annat anges i orderbekr\u00e4ftelsen.\nDu kommer att f\u00e5 information om leveranstiden med orderbekr\u00e4ftelsen om du har angett din e-postadress.\nOm en produkt \u00e4r f\u00f6rsenad kan du annullera best\u00e4llningen.  <\/p>\n<p>Leveranser fr\u00e5n Hosemarket sk\u00f6ts av lokala logistikf\u00f6retag.\nD\u00e4rf\u00f6r m\u00e5ste vi alltid ha gatuadressen och mottagarens telefonnummer s\u00e5 att logistikf\u00f6retaget kan leverera produkterna.\nEn fullst\u00e4ndig gatuadress m\u00e5ste anges, till exempel Great lane 15, och ett telefonnummer i internationellt format.\nVi kan inte skicka ett paket adresserat till ett f\u00f6retag till en postboxadress.   <\/p>\n<p>KUNDNUMMER<br>N\u00e4r du handlar hos oss f\u00e5r du automatiskt ett kundnummer.\nDet \u00e4r markerat p\u00e5 fakturan och orderbekr\u00e4ftelsen.\nAtt anv\u00e4nda ditt kundnummer n\u00e4r du handlar med oss hj\u00e4lper oss att betj\u00e4na dig b\u00e4ttre.  <\/p>\n<p>REFERENSER F\u00d6R KUNDER<br>F\u00f6rvara de kundkoder som kr\u00e4vs f\u00f6r inloggning noggrant s\u00e5 att de inte hamnar i h\u00e4nderna p\u00e5 utomst\u00e5ende.\nDu kan bara ha en upps\u00e4ttning autentiseringsuppgifter i taget.\nHosemarket ansvarar inte f\u00f6r skador som orsakats av missbruk eller f\u00f6rlust av kunduppgifter.  <\/p>\n<p>INFORMATION<br>Meddela oss omedelbart om eventuella fel eller \u00e4ndringar i namn- och adressuppgifter.\nSe ocks\u00e5 till att faktureringsadressen, leveransadressen och eventuell referenskod du anger \u00e4r korrekta. <\/p>\n<p>PERSONUPPGIFTER \/ SEKRETESS<br>Hosemarket \u00e4r ansvarig f\u00f6r behandlingen av de personuppgifter som du l\u00e4mnar till oss som kund.\nSom en del av v\u00e5r marknadsf\u00f6ring analyserar vi information relaterad till dina k\u00f6p, inklusive personuppgifter, samt din aktivitet p\u00e5 v\u00e5ra sociala medier och webbplats.\nDetta g\u00f6r att vi i m\u00e5nga fall kan skr\u00e4ddarsy v\u00e5r marknadsf\u00f6ring till dig.  <\/p>\n<p>ANV\u00c4NDNING AV COOKIES<br>Cookies anv\u00e4nds i den Hosemarket.fi webbutiken.\nEn cookie \u00e4r en liten textfil som lagras i din webbl\u00e4sare under en shoppingsession online och som g\u00f6r det m\u00f6jligt att sp\u00e5ra bes\u00f6kare i webbutiken.\nAnv\u00e4ndningen av cookies underl\u00e4ttar i allm\u00e4nhet onlineshopping.\nDessutom g\u00f6r cookies det m\u00f6jligt att skapa olika aggregerade uppgifter om webbutikens kunder.\nInformationen som samlas in av cookies \u00e4r anonym men kan kopplas till personuppgifter som tillhandah\u00e5lls av anv\u00e4ndaren och anv\u00e4nds f\u00f6r riktad reklam.    <\/p>\n<p>IMMATERIELLA R\u00c4TTIGHETER<br>Webbutiken och dess inneh\u00e5ll tillh\u00f6r Hosemarket och dess partners, skyddade av upphovsr\u00e4tt och andra immateriella r\u00e4ttigheter.\nObeh\u00f6rig anv\u00e4ndning eller kopiering \u00e4r f\u00f6rbjuden.\nP\u00e5 tvister som g\u00e4ller immateriella r\u00e4ttigheter till\u00e4mpas Finlands lag.  <\/p>\n<p>FORCE MAJEURE<br>Hosemarket ansvarar inte f\u00f6r skador eller f\u00f6rseningar som orsakas av ett hinder utanf\u00f6r dess kontroll som f\u00f6retaget inte rimligen kunde f\u00f6rutse eller vars konsekvenser det inte kunde undvika.\nTill force majeure r\u00e4knas till exempel krig, uppror, arbetskonflikter, sjukdom hos personal, import- och exportf\u00f6rbud, st\u00f6rningar i den offentliga telekommunikationen, elavbrott samt st\u00f6rningar i post- eller v\u00e4gtransporter.\nOm force majeure-h\u00e4ndelsen p\u00e5g\u00e5r i mer \u00e4n en m\u00e5nad har b\u00e5de Hosemarket och kunden r\u00e4tt att h\u00e4va transaktionen utan ers\u00e4ttning eller straffavgift f\u00f6r f\u00f6rsening.  <\/p>\n<p>Om du beh\u00f6ver ytterligare hj\u00e4lp eller har n\u00e5gra fr\u00e5gor, v\u00e4nligen meddela mig!<\/p>\n\t\t\n<style>\n#text-2440351823 {\n  text-align: left;\n  color: rgb(0,0,0);\n}\n#text-2440351823 > * {\n  color: rgb(0,0,0);\n}\n<\/style>\n\t<\/div>\n\t\n\n\t\t<\/div>\n\t\t\t\t\n<style>\n#col-662654884 > .col-inner {\n  padding: 80px 20px 0px 20px;\n}\n@media (min-width:550px) {\n  #col-662654884 > .col-inner {\n    padding: 80px 20px 0px 20px;\n  }\n}\n@media (min-width:850px) {\n  #col-662654884 > .col-inner {\n    padding: 70px 0px 0px 0px;\n  }\n}\n<\/style>\n\t<\/div>\n\n\t\n\n<\/div>\n\n","protected":false},"excerpt":{"rendered":"","protected":false},"author":2,"featured_media":0,"parent":0,"menu_order":0,"comment_status":"closed","ping_status":"closed","template":"","meta":{"content-type":"","footnotes":""},"class_list":["post-579836","page","type-page","status-publish","hentry"],"_links":{"self":[{"href":"https:\/\/hosemarket.com\/sv\/wp-json\/wp\/v2\/pages\/579836","targetHints":{"allow":["GET"]}}],"collection":[{"href":"https:\/\/hosemarket.com\/sv\/wp-json\/wp\/v2\/pages"}],"about":[{"href":"https:\/\/hosemarket.com\/sv\/wp-json\/wp\/v2\/types\/page"}],"author":[{"embeddable":true,"href":"https:\/\/hosemarket.com\/sv\/wp-json\/wp\/v2\/users\/2"}],"replies":[{"embeddable":true,"href":"https:\/\/hosemarket.com\/sv\/wp-json\/wp\/v2\/comments?post=579836"}],"version-history":[{"count":0,"href":"https:\/\/hosemarket.com\/sv\/wp-json\/wp\/v2\/pages\/579836\/revisions"}],"wp:attachment":[{"href":"https:\/\/hosemarket.com\/sv\/wp-json\/wp\/v2\/media?parent=579836"}],"curies":[{"name":"wp","href":"https:\/\/api.w.org\/{rel}","templated":true}]}}