{"id":578841,"date":"2022-04-07T20:05:34","date_gmt":"2022-04-07T17:05:34","guid":{"rendered":"https:\/\/hosemarket.com\/tilaus-ja-toimitusehdot"},"modified":"2024-07-22T15:54:58","modified_gmt":"2024-07-22T12:54:58","slug":"delivery-terms","status":"publish","type":"page","link":"https:\/\/hosemarket.com\/no\/delivery-terms\/","title":{"rendered":"Leveringsbetingelser"},"content":{"rendered":"\n<div class=\"row\"  id=\"row-286851104\">\n\n\n\t<div id=\"col-1901726915\" class=\"col small-12 large-12\"  >\n\t\t\t\t<div class=\"col-inner\"  >\n\t\t\t\n\t\t\t\n\n\t<div id=\"text-2469215146\" class=\"text\">\n\t\t\n\n<h1><span style=\"font-size: 150%;\"><span style=\"color: #000000;\">Leveringsbetingelser<\/span><\/span><\/h1>\n<p><span style=\"color: #000000;\"> <\/span><\/p>\n<p> <\/p>\n<p>GENERELT<br>Disse vilk\u00e5rene gjelder for den Hosemarket.fi nettbutikken, som eies og drives av Hosemarket (&#8220;Hosemarket&#8221;), 2037322-6, Teollisuustie 3, 06150 Porvoo, Finland.<\/p>\n<p>KUNDER<br>\u00c5 bli kunde i nettbutikken krever overholdelse av butikkens vilk\u00e5r og betingelser, og gir den n\u00f8dvendige informasjonen fullstendig og sannferdig.\nKj\u00f8p fra Hosemarket.fi nettbutikk kan gj\u00f8res av personer som er 18 \u00e5r og eldre og selskaper som er registrert i handelsregisteret.\nBestilling av produkter krever ikke registrering som kunde i nettbutikken.\nHosemarket forbeholder seg retten til \u00e5 godta eller avvise en kundes registrering.   <\/p>\n<p>AKSEPT OG ENDRING AV VILK\u00c5R<br>Ved \u00e5 bruke Hosemarket nettbutikk godtar du disse vilk\u00e5rene og godtar \u00e5 overholde dem.\nHosemarket forbeholder seg retten til \u00e5 endre disse vilk\u00e5rene ved \u00e5 publisere de reviderte vilk\u00e5rene p\u00e5 nettbutikkens nettside.\nVennligst les de gjeldende vilk\u00e5rene og betingelsene f\u00f8r du legger inn en bestilling.  <\/p>\n<p>FUNKSJONALITETEN TIL NETTBUTIKKEN<br>Hosemarket garanterer ikke uavbrutt eller feilfri drift av nettbutikken.\nAvbrudd kan forekomme.\nHosemarket er ikke ansvarlig for eventuelle skader eller tap knyttet til bruk av nettbutikken med mindre annet kreves av gjeldende ufravikelig lov.  <\/p>\n<p>BESTILLING<br>Legg inn bestillingen din p\u00e5 nettstedet ved \u00e5 f\u00f8lge instruksjonene.\nAvhengig av betalingsm\u00e5ten m\u00e5 bedriften, den personlige ID-en eller organisasjons-ID-en alltid oppgis med bestillingen.\nEtter at du har lagt inn en bestilling, vil du motta en ordrebekreftelse til e-postadressen du oppga.\nOrdrebekreftelsen vil inneholde detaljer som produktpris og leveringskostnad.\nSjekk ordrebekreftelsen n\u00f8ye for \u00e5 sikre at informasjonen er korrekt.\nHvis det er en feil i ordrebekreftelsen, du \u00f8nsker \u00e5 kansellere bestillingen f\u00f8r levering, eller p\u00e5 annen m\u00e5te endre bestillingen, kontakt v\u00e5r kundeservice umiddelbart p\u00e5 ask@hosemarket.com.     <\/p>\n<p>RETT TIL \u00c5 NEKTE LEVERING<br>Hosemarket forbeholder seg retten til ensidig \u00e5 kansellere salget eller begrense antall leverte produkter uten kompensasjon eller refusjon hvis produktet er utilgjengelig, ettersp\u00f8rselen overstiger tilbudet, eller hvis det er en vesentlig og \u00e5penbar feil i produktprisen eller annen informasjon p\u00e5 nettstedet som burde v\u00e6rt forst\u00e5tt av kunden ved bestillingen.\nHosemarket har rett til \u00e5 nekte en bestilling dersom kundens kredittinformasjon viser betalingsmislighold eller hvis kunden tidligere har unnlatt \u00e5 betale for bestilte produkter. <\/p>\n<p>BETALINGSBETINGELSER<br>Betaling skjer p\u00e5 bestillingstidspunktet ved hjelp av betalingsmetodene som er tilgjengelige p\u00e5 Hosemarket.fi nettsted.\nHvis du er en ny kunde og velger en annen leveringsadresse enn hjemmeadressen din, kan Hosemarket kreve betaling p\u00e5 bestillingstidspunktet. <\/p>\n<p>EKSPEDISJONS- OG LEVERINGSKOSTNADER<br>Gjeldende leveringskostnader vises i kassen i nettbutikken.<\/p>\n<p>RETNINGSLINJER FOR RETUR, AVBESTILLING OG BYTTE<br>Hvis du kansellerer kj\u00f8pet eller varsler oss om bytte, m\u00e5 du returnere det mottatte produktet uten forsinkelse og senest 14 dager etter at du har gjort varselet om avbestilling\/bytte.\nMerk at retur- og bytteretten ikke gjelder for skreddersydde, broderte eller trykte plagg bestilt av kunden med mindre det skyldes en feil fra v\u00e5r side. <\/p>\n<p>TRANSPORTRISIKO<br>N\u00e5r et produkt sendes fra oss, b\u00e6rer vi risikoen for transport.\nN\u00e5r du mottar produktet, har du syv (7) dager p\u00e5 deg til \u00e5 rapportere eventuelle skader som har oppst\u00e5tt under transporten.\nHvis det ikke rapporteres innen angitte tid, vil ikke krav om transportskade bli akseptert.\nVed avbestilling eller bytte b\u00e6rer kunden risikoen for returtransport.   <\/p>\n<p>ANSVAR FOR MANGLER<br>Hvis det er en feil ved produktet, kontakt v\u00e5r kundeservice p\u00e5 ask@hosemarket.com for instruksjoner om retur av det defekte produktet uten kostnad.\nProduktet skal returneres ubrukt umiddelbart etter at feilen er oppdaget.\nBeskriv feilen i detalj og merk den hvis mulig, for eksempel med tape.  <\/p>\n<p>KVALITET<br>Hosemarket utvikler kontinuerlig produktene sine, s\u00e5 noen ganger kan det hende at det bestilte produktet ikke samsvarer n\u00f8yaktig med produktet som vises i katalogen.\nProduktet du mottar vil imidlertid v\u00e6re egnet for samme form\u00e5l.\nHvis du likevel \u00f8nsker \u00e5 returnere produktet, vil du naturligvis f\u00e5 refusjon for produktet og returportoen.  <\/p>\n<p>LEVERING<br>Produktet du bestilte vil bli levert til deg innen en uke etter bestillingen med mindre annet er oppgitt i ordrebekreftelsen.\nDu vil motta informasjon om leveringstiden sammen med ordrebekreftelsen hvis du har oppgitt e-postadressen din.\nHvis et produkt er forsinket, kan du kansellere bestillingen.  <\/p>\n<p>Leveranser fra Hosemarket h\u00e5ndteres av lokale logistikkselskaper.\nDerfor m\u00e5 vi alltid ha gateadressen og mottakerens telefonnummer slik at logistikkselskapet kan levere produktene.\nEn fullstendig gateadresse m\u00e5 oppgis, for eksempel Great lane 15, og et telefonnummer i internasjonalt format.\nVi kan ikke sende en pakke adressert til et selskap til en postboksadresse.   <\/p>\n<p>KUNDENUMMER<br>N\u00e5r du handler hos oss, vil du automatisk motta et kundenummer.\nDet er merket p\u00e5 faktura og ordrebekreftelse.\n\u00c5 bruke kundenummeret ditt n\u00e5r du handler med oss hjelper oss med \u00e5 betjene deg bedre.  <\/p>\n<p>KUNDENS LEGITIMASJON<br>Ta vare p\u00e5 kundelegitimasjonen som kreves for p\u00e5logging n\u00f8ye slik at de ikke faller i hendene p\u00e5 utenforst\u00e5ende.\nDu kan bare ha ett sett med legitimasjon om gangen.\nHosemarket er ikke ansvarlig for skader for\u00e5rsaket av misbruk eller tap av kundelegitimasjon.  <\/p>\n<p>INFORMASJON<br>Varsle oss umiddelbart om eventuelle feil eller endringer i navn og adresseinformasjon.\nS\u00f8rg ogs\u00e5 for at faktureringsadressen, leveringsadressen og eventuelle referansekoder du oppgir, er riktige. <\/p>\n<p>PERSONOPPLYSNINGER \/ PERSONVERN<br>Hosemarket er ansvarlig for behandlingen av personopplysningene du gir oss som kunde.\nSom en del av markedsf\u00f8ringen v\u00e5r analyserer vi informasjon knyttet til kj\u00f8pene dine, inkludert personopplysninger, samt aktiviteten din p\u00e5 v\u00e5re sosiale mediesider og nettsider.\nDette gj\u00f8r at vi i mange tilfeller kan skreddersy markedsf\u00f8ringen v\u00e5r til deg.  <\/p>\n<p>BRUK AV INFORMASJONSKAPSLER (COOKIES)<br>Informasjonskapsler brukes p\u00e5 Hosemarket.fi nettbutikk.\nEn informasjonskapsel er en liten tekstfil som lagres i nettleseren din under en netthandels\u00f8kt, og som gj\u00f8r det mulig \u00e5 spore bes\u00f8kende i nettbutikken.\nBruk av informasjonskapsler forenkler generelt netthandel.\nI tillegg gj\u00f8r informasjonskapsler det mulig \u00e5 opprette ulike aggregert informasjon om nettbutikkkunder.\nInformasjonen som samles inn av informasjonskapsler er anonym, men kan knyttes til personopplysninger gitt av brukeren og brukes til m\u00e5lrettet annonsering.    <\/p>\n<p>IMMATERIELLE RETTIGHETER<br>Nettbutikken og dens innhold tilh\u00f8rer Hosemarket og dets partnere, beskyttet av opphavsrett og andre immaterielle rettigheter.\nUautorisert bruk eller kopiering er forbudt.\nTvister om immaterielle rettigheter reguleres av finsk lov.  <\/p>\n<p>FORCE MAJEURE<br>Hosemarket er ikke ansvarlig for skader eller forsinkelser for\u00e5rsaket av en hindring utenfor deres kontroll som den ikke med rimelighet kunne forutse eller hvis konsekvenser den ikke kunne unng\u00e5.\nForce majeure omfatter for eksempel krig, oppr\u00f8r, arbeidskonflikter, sykdom hos ansatte, import- og eksportforbud, forstyrrelser i offentlig telekommunikasjon, str\u00f8mbrudd og forstyrrelser i posttjenester eller veitransport.\nHvis force majeure-hendelsen varer i mer enn en m\u00e5ned, har b\u00e5de Hosemarket og kunden rett til \u00e5 kansellere transaksjonen uten kompensasjon eller straff for forsinkelse.  <\/p>\n<p>Hvis du trenger ytterligere hjelp eller har sp\u00f8rsm\u00e5l, vennligst gi meg beskjed!<\/p>\n\t\t\n<style>\n#text-2469215146 {\n  text-align: left;\n  color: rgb(0,0,0);\n}\n#text-2469215146 > * {\n  color: rgb(0,0,0);\n}\n<\/style>\n\t<\/div>\n\t\n\n\t\t<\/div>\n\t\t\t\t\n<style>\n#col-1901726915 > .col-inner {\n  padding: 80px 20px 0px 20px;\n}\n@media (min-width:550px) {\n  #col-1901726915 > .col-inner {\n    padding: 80px 20px 0px 20px;\n  }\n}\n@media (min-width:850px) {\n  #col-1901726915 > .col-inner {\n    padding: 70px 0px 0px 0px;\n  }\n}\n<\/style>\n\t<\/div>\n\n\t\n\n<\/div>\n\n","protected":false},"excerpt":{"rendered":"","protected":false},"author":2,"featured_media":0,"parent":0,"menu_order":0,"comment_status":"closed","ping_status":"closed","template":"","meta":{"content-type":"","footnotes":""},"class_list":["post-578841","page","type-page","status-publish","hentry"],"_links":{"self":[{"href":"https:\/\/hosemarket.com\/no\/wp-json\/wp\/v2\/pages\/578841","targetHints":{"allow":["GET"]}}],"collection":[{"href":"https:\/\/hosemarket.com\/no\/wp-json\/wp\/v2\/pages"}],"about":[{"href":"https:\/\/hosemarket.com\/no\/wp-json\/wp\/v2\/types\/page"}],"author":[{"embeddable":true,"href":"https:\/\/hosemarket.com\/no\/wp-json\/wp\/v2\/users\/2"}],"replies":[{"embeddable":true,"href":"https:\/\/hosemarket.com\/no\/wp-json\/wp\/v2\/comments?post=578841"}],"version-history":[{"count":0,"href":"https:\/\/hosemarket.com\/no\/wp-json\/wp\/v2\/pages\/578841\/revisions"}],"wp:attachment":[{"href":"https:\/\/hosemarket.com\/no\/wp-json\/wp\/v2\/media?parent=578841"}],"curies":[{"name":"wp","href":"https:\/\/api.w.org\/{rel}","templated":true}]}}