{"id":578783,"date":"2022-04-07T20:05:34","date_gmt":"2022-04-07T17:05:34","guid":{"rendered":"https:\/\/hosemarket.com\/tilaus-ja-toimitusehdot"},"modified":"2024-07-22T15:55:49","modified_gmt":"2024-07-22T12:55:49","slug":"delivery-terms","status":"publish","type":"page","link":"https:\/\/hosemarket.com\/hr\/delivery-terms\/","title":{"rendered":"Uvjeti isporuke"},"content":{"rendered":"\n<div class=\"row\"  id=\"row-463598057\">\n\n\n\t<div id=\"col-1984586896\" class=\"col small-12 large-12\"  >\n\t\t\t\t<div class=\"col-inner\"  >\n\t\t\t\n\t\t\t\n\n\t<div id=\"text-3259977556\" class=\"text\">\n\t\t\n\n<h1><span style=\"font-size: 150%;\"><span style=\"color: #000000;\">Uvjeti isporuke<\/span><\/span><\/h1>\n<p><span style=\"color: #000000;\"> <\/span><\/p>\n<p> <\/p>\n<p>OP\u0106ENITO<br>Ovi uvjeti i odredbe primjenjuju se na Hosemarket.fi internetsku trgovinu, u vlasni\u0161tvu i pod upravom Hosemarketa (&#8220;Hosemarket&#8221;), 2037322-6, Teollisuustie 3, 06150 Porvoo, Finska.<\/p>\n<p>KUPAC<br>Postati kupac internetske trgovine zahtijeva po\u0161tivanje uvjeta i odredbi trgovine, pru\u017eaju\u0107i potrebne informacije u potpunosti i istinito.\nKupnju u internetskoj trgovini Hosemarket.fi mogu obavljati osobe starije od 18 godina i tvrtke upisane u trgova\u010dki registar.\nZa naru\u010divanje proizvoda nije potrebna registracija kao kupac internetske trgovine.\nHosemarket zadr\u017eava pravo prihvatiti ili odbiti registraciju kupca.   <\/p>\n<p>PRIHVA\u0106ANJE I IZMJENA UVJETA<br>Kori\u0161tenjem internetske trgovine Hosemarket prihva\u0107ate ove uvjete i sla\u017eete se da \u0107ete ih se pridr\u017eavati.\nHosemarket zadr\u017eava pravo izmjene ovih uvjeta objavljivanjem izmijenjenih uvjeta na web stranici internetske trgovine.\nPrije narud\u017ebe pregledajte trenutne uvjete i odredbe.  <\/p>\n<p>FUNKCIONALNOST INTERNETSKE TRGOVINE<br>Hosemarket ne jam\u010di nesmetan rad internetske trgovine bez pogre\u0161aka.\nMo\u017ee do\u0107i do prekida.\nHosemarket nije odgovoran za bilo kakvu \u0161tetu ili gubitke povezane s kori\u0161tenjem internetske trgovine, osim ako primjenjivi obvezni zakon ne zahtijeva druga\u010dije.  <\/p>\n<p>NARUD\u017dBA<br>Naru\u010dite na web stranici slijede\u0107i dane upute.\nOvisno o na\u010dinu pla\u0107anja, uz narud\u017ebu se uvijek mora dostaviti poslovni ili osobni ID organizacije.\nNakon narud\u017ebe primit \u0107ete potvrdu narud\u017ebe na adresu e-po\u0161te koju ste naveli.\nPotvrda narud\u017ebe sadr\u017eavat \u0107e detalje kao \u0161to su cijena proizvoda i naknada za dostavu.\nPa\u017eljivo provjerite potvrdu narud\u017ebe kako biste bili sigurni da su podaci to\u010dni.\nAko postoji pogre\u0161ka u potvrdi narud\u017ebe, \u017eelite otkazati narud\u017ebu prije isporuke ili na drugi na\u010din promijeniti narud\u017ebu, odmah se obratite na\u0161oj korisni\u010dkoj slu\u017ebi na ask@hosemarket.com.     <\/p>\n<p>PRAVO NA ODBIJANJE ISPORUKE<br>Hosemarket zadr\u017eava pravo jednostrano otkazati prodaju ili ograni\u010diti broj isporu\u010denih proizvoda bez naknade ili povrata novca ako je proizvod nedostupan, potra\u017enja prema\u0161uje ponudu ili ako postoji materijalna i o\u010dita pogre\u0161ka u cijeni proizvoda ili drugim informacijama na web stranici koje je kupac trebao razumjeti prilikom narud\u017ebe.\nHosemarket ima pravo odbiti narud\u017ebu ako kreditni podaci kupca pokazuju ka\u0161njenje u pla\u0107anju ili ako kupac prethodno nije platio naru\u010dene proizvode. <\/p>\n<p>UVJETI PLA\u0106ANJA<br>Pla\u0107anje se vr\u0161i u trenutku narud\u017ebe kori\u0161tenjem na\u010dina pla\u0107anja dostupnih na Hosemarket.fi web stranici.\nAko ste novi kupac i odaberete adresu za dostavu koja nije va\u0161a ku\u0107na adresa, Hosemarket mo\u017ee zahtijevati pla\u0107anje u trenutku narud\u017ebe. <\/p>\n<p>TRO\u0160KOVI RUKOVANJA I DOSTAVE<br>Trenutni tro\u0161kovi dostave prikazani su na blagajni u internetskoj trgovini.<\/p>\n<p>POLITIKA POVRATA, OTKAZIVANJA I ZAMJENE<br>Ako otka\u017eete kupnju ili nas obavijestite o zamjeni, primljeni proizvod morate vratiti bez odga\u0111anja, a najkasnije u roku od 14 dana od obavijesti o otkazivanju\/zamjeni.\nImajte na umu da se pravo na povrat i zamjenu ne odnosi na odje\u0107u izra\u0111enu po mjeri, vezenu ili tiskanu odje\u0107u koju je naru\u010dio kupac, osim ako zbog pogre\u0161ke s na\u0161e strane. <\/p>\n<p>RIZIK PRIJEVOZA<br>Kada se proizvod po\u0161alje od nas, snosimo rizik prijevoza.\nPo primitku proizvoda imate sedam (7) dana da prijavite bilo kakvu \u0161tetu koja je nastala tijekom transporta.\nAko se u navedenom roku ne podnese prijava, ne\u0107e se prihvatiti zahtjev za \u0161tetu na transportu.\nZa otkazivanje ili zamjenu, kupac snosi rizik povratnog prijevoza.   <\/p>\n<p>ODGOVORNOST ZA NEDOSTATKE<br>Ako postoji kvar na proizvodu, obratite se na\u0161oj korisni\u010dkoj slu\u017ebi na ask@hosemarket.com za upute o besplatnom povratu neispravnog proizvoda.\nProizvod treba vratiti neiskori\u0161ten odmah nakon \u0161to se primijeti kvar.\nDetaljno opi\u0161ite kvar i ozna\u010dite ga ako je mogu\u0107e, na primjer trakom.  <\/p>\n<p>KVALITETA<br>Hosemarket kontinuirano razvija svoje proizvode, pa ponekad naru\u010deni proizvod mo\u017eda ne\u0107e to\u010dno odgovarati proizvodu prikazanom u katalogu.\nMe\u0111utim, proizvod koji primite bit \u0107e prikladan za istu svrhu.\nAko i dalje \u017eelite vratiti proizvod, naravno da \u0107ete dobiti povrat novca za proizvod i povratnu po\u0161tarinu.  <\/p>\n<p>ISPORUKA<br>Proizvod koji ste naru\u010dili bit \u0107e vam isporu\u010den u roku od tjedan dana od narud\u017ebe, osim ako nije druga\u010dije navedeno u potvrdi narud\u017ebe.\nInformacije o vremenu isporuke dobit \u0107ete s potvrdom narud\u017ebe ako ste naveli svoju adresu e-po\u0161te.\nAko proizvod kasni, mo\u017eete otkazati narud\u017ebu.  <\/p>\n<p>Isporuke iz Hosemarketa obavljaju lokalne logisti\u010dke tvrtke.\nStoga uvijek moramo imati adresu i telefonski broj primatelja kako bi logisti\u010dka tvrtka mogla isporu\u010diti proizvode.\nMora se navesti potpuna adresa, na primjer, Great lane 15, i telefonski broj u me\u0111unarodnom formatu.\nNe mo\u017eemo poslati paket adresiran tvrtki na adresu po\u0161tanskog pretinca.   <\/p>\n<p>BROJ KUPCA<br>Kada kupujete kod nas, automatski \u0107ete dobiti korisni\u010dki broj.\nOzna\u010den je na ra\u010dunu i potvrdi narud\u017ebe.\nKori\u0161tenje va\u0161eg korisni\u010dkog broja kada imate posla s nama poma\u017ee nam da vam bolje slu\u017eimo.  <\/p>\n<p>VJERODAJNICE KUPACA<br>Pa\u017eljivo \u010duvajte korisni\u010dke vjerodajnice potrebne za prijavu kako ne bi pale u ruke stranaca.\nIstovremeno mo\u017eete imati samo jedan skup vjerodajnica.\nHosemarket nije odgovoran za \u0161tetu uzrokovanu zlouporabom ili gubitkom korisni\u010dkih vjerodajnica.  <\/p>\n<p>INFORMACIJA<br>Odmah nas obavijestite o svim pogre\u0161kama ili promjenama u podacima o imenu i adresi.\nTako\u0111er provjerite jesu li adresa za naplatu, adresa za dostavu i svi referentni kod koje navedete to\u010dni. <\/p>\n<p>OSOBNI PODACI \/ PRIVATNOST<br>Hosemarket je odgovoran za obradu osobnih podataka koje nam dajete kao kupac.\nKao dio na\u0161eg marketinga, analiziramo informacije vezane uz va\u0161e kupnje, uklju\u010duju\u0107i osobne podatke, kao i va\u0161u aktivnost na na\u0161im stranicama dru\u0161tvenih medija i web stranici.\nTo nam omogu\u0107uje da u mnogim slu\u010dajevima prilagodimo na\u0161 marketing vama.  <\/p>\n<p>KORI\u0160TENJE KOLA\u010cI\u0106A<br>Kola\u010di\u0107i se koriste u internetskoj trgovini Hosemarket.fi.\nKola\u010di\u0107 je mala tekstualna datoteka pohranjena u va\u0161em pregledniku tijekom sesije online kupnje, koja omogu\u0107uje pra\u0107enje posjetitelja internetske trgovine.\nKori\u0161tenje kola\u010di\u0107a op\u0107enito olak\u0161ava online kupnju.\nOsim toga, kola\u010di\u0107i omogu\u0107uju stvaranje razli\u010ditih agregiranih informacija o kupcima internetske trgovine.\nPodaci prikupljeni kola\u010di\u0107ima anonimni su, ali se mogu povezati s osobnim podacima koje daje korisnik i koristiti za ciljano ogla\u0161avanje.    <\/p>\n<p>PRAVA INTELEKTUALNOG VLASNI\u0160TVA<br>Internetska trgovina i njezin sadr\u017eaj vlasni\u0161tvo su Hosemarketa i njegovih partnera, za\u0161ti\u0107eni autorskim pravima i drugim pravima intelektualnog vlasni\u0161tva.\nNeovla\u0161tena uporaba ili kopiranje je zabranjeno.\nSporovi koji se odnose na prava intelektualnog vlasni\u0161tva ure\u0111eni su finskim zakonima.  <\/p>\n<p>VI\u0160A SILA<br>Hosemarket nije odgovoran za \u0161tetu ili ka\u0161njenja uzrokovanu preprekom izvan njegove kontrole koju nije mogao razumno predvidjeti ili \u010dije posljedice nije mogao izbje\u0107i.\nVi\u0161a sila uklju\u010duje, na primjer, rat, pobunu, radne sporove, bolest osoblja, zabrane uvoza i izvoza, poreme\u0107aje u javnim telekomunikacijama, nestanke struje i poreme\u0107aje u po\u0161tanskim uslugama ili cestovnom prometu.\nAko se doga\u0111aj vi\u0161e sile nastavi dulje od mjesec dana, i Hosemarket i kupac imaju pravo otkazati transakciju bez naknade ili kazne za ka\u0161njenje.  <\/p>\n<p>Ako vam je potrebna dodatna pomo\u0107 ili imate bilo kakvih pitanja, javite mi!<\/p>\n\t\t\n<style>\n#text-3259977556 {\n  text-align: left;\n  color: rgb(0,0,0);\n}\n#text-3259977556 > * {\n  color: rgb(0,0,0);\n}\n<\/style>\n\t<\/div>\n\t\n\n\t\t<\/div>\n\t\t\t\t\n<style>\n#col-1984586896 > .col-inner {\n  padding: 80px 20px 0px 20px;\n}\n@media (min-width:550px) {\n  #col-1984586896 > .col-inner {\n    padding: 80px 20px 0px 20px;\n  }\n}\n@media (min-width:850px) {\n  #col-1984586896 > .col-inner {\n    padding: 70px 0px 0px 0px;\n  }\n}\n<\/style>\n\t<\/div>\n\n\t\n\n<\/div>\n\n","protected":false},"excerpt":{"rendered":"","protected":false},"author":2,"featured_media":0,"parent":0,"menu_order":0,"comment_status":"closed","ping_status":"closed","template":"","meta":{"content-type":"","footnotes":""},"class_list":["post-578783","page","type-page","status-publish","hentry"],"_links":{"self":[{"href":"https:\/\/hosemarket.com\/hr\/wp-json\/wp\/v2\/pages\/578783","targetHints":{"allow":["GET"]}}],"collection":[{"href":"https:\/\/hosemarket.com\/hr\/wp-json\/wp\/v2\/pages"}],"about":[{"href":"https:\/\/hosemarket.com\/hr\/wp-json\/wp\/v2\/types\/page"}],"author":[{"embeddable":true,"href":"https:\/\/hosemarket.com\/hr\/wp-json\/wp\/v2\/users\/2"}],"replies":[{"embeddable":true,"href":"https:\/\/hosemarket.com\/hr\/wp-json\/wp\/v2\/comments?post=578783"}],"version-history":[{"count":0,"href":"https:\/\/hosemarket.com\/hr\/wp-json\/wp\/v2\/pages\/578783\/revisions"}],"wp:attachment":[{"href":"https:\/\/hosemarket.com\/hr\/wp-json\/wp\/v2\/media?parent=578783"}],"curies":[{"name":"wp","href":"https:\/\/api.w.org\/{rel}","templated":true}]}}