{"id":578839,"date":"2022-04-07T20:05:34","date_gmt":"2022-04-07T17:05:34","guid":{"rendered":"https:\/\/hosemarket.com\/tilaus-ja-toimitusehdot"},"modified":"2024-07-22T15:54:08","modified_gmt":"2024-07-22T12:54:08","slug":"delivery-terms","status":"publish","type":"page","link":"https:\/\/hosemarket.com\/et\/delivery-terms\/","title":{"rendered":"Tarnetingimused"},"content":{"rendered":"\n<div class=\"row\"  id=\"row-963264879\">\n\n\n\t<div id=\"col-568412650\" class=\"col small-12 large-12\"  >\n\t\t\t\t<div class=\"col-inner\"  >\n\t\t\t\n\t\t\t\n\n\t<div id=\"text-2154414988\" class=\"text\">\n\t\t\n\n<h1><span style=\"font-size: 150%;\"><span style=\"color: #000000;\">Tarnetingimused<\/span><\/span><\/h1>\n<p><span style=\"color: #000000;\"> <\/span><\/p>\n<p> <\/p>\n<p>\u00dcLDINE<br>K\u00e4esolevad tingimused kehtivad Hosemarket.fi veebipoele, mille omanik ja haldaja on Hosemarket (&#8220;Hosemarket&#8221;), 2037322-6, Teollisuustie 3, 06150 Porvoo, Finland.<\/p>\n<p>K\u00dcLALISED<br>E-poe kliendiks saamine eeldab poe tingimuste t\u00e4itmist, vajaliku teabe t\u00e4ielikku ja t\u00f5est esitamist.\nHosemarket.fi e-poest saavad oste sooritada v\u00e4hemalt 18-aastased isikud ning \u00e4riregistris registreeritud ettev\u00f5tted.\nToodete tellimine ei n\u00f5ua e-poe kliendiks registreerimist.\nHosemarket j\u00e4tab endale \u00f5iguse kliendi registreerimisega n\u00f5ustuda v\u00f5i see tagasi l\u00fckata.   <\/p>\n<p>TINGIMUSTEGA N\u00d5USTUMINE JA NENDE MUUTMINE<br>Hosemarketi veebipoodi kasutades n\u00f5ustute k\u00e4esolevate tingimustega ja n\u00f5ustute neid j\u00e4rgima.\nHosemarket j\u00e4tab endale \u00f5iguse k\u00e4esolevaid tingimusi muuta, avaldades muudetud tingimused e-poe veebilehel.\nPalun tutvuge kehtivate tingimustega enne tellimuse esitamist.  <\/p>\n<p>E-POE FUNKTSIONAALSUS<br>Hosemarket ei garanteeri e-poe katkematut ega vigadeta t\u00f6\u00f6d.\nV\u00f5ib esineda katkestusi.\nHosemarket ei vastuta e-poe kasutamisega seotud kahjude eest, v\u00e4lja arvatud juhul, kui kohalduv kohustuslik seadus n\u00f5uab teisiti.  <\/p>\n<p>TELLIMINE<br>Esitage oma tellimus veebisaidil, j\u00e4rgides antud juhiseid.\nOlenevalt makseviisist tuleb tellimusega alati kaasas olla ettev\u00f5tte, isikliku v\u00f5i organisatsiooni ID.\nP\u00e4rast tellimuse esitamist saate teie esitatud e-posti aadressile tellimuse kinnituse.\nTellimuse kinnitus sisaldab \u00fcksikasju, nagu toote hind ja kohaletoimetamise tasu.\nKontrollige hoolikalt tellimuse kinnitust, et veenduda teabe \u00f5igsuses.\nKui tellimuse kinnituses on viga, soovite tellimuse enne kohaletoimetamist t\u00fchistada v\u00f5i tellimust muul viisil muuta, v\u00f5tke ask@hosemarket.com kohe \u00fchendust meie klienditeenindusega.     <\/p>\n<p>\u00d5IGUS K\u00c4TTETOIMETAMISEST KEELDUDA<br>Hosemarket j\u00e4tab endale \u00f5iguse \u00fchepoolselt t\u00fchistada m\u00fc\u00fck v\u00f5i piirata tarnitavate toodete arvu ilma h\u00fcvitise v\u00f5i h\u00fcvitamiseta, kui toode ei ole saadaval, n\u00f5udlus \u00fcletab pakkumise v\u00f5i kui toote hinnas v\u00f5i muus veebilehel olevas teabes on oluline ja ilmne viga, mis oleks pidanud olema kliendile tellimuse vormistamisel arusaadav.\nHosemarketil on \u00f5igus keelduda tellimusest, kui kliendi krediidiinfos on n\u00e4ha makseh\u00e4iret v\u00f5i kui klient on eelnevalt j\u00e4tnud tellitud toodete eest tasumata. <\/p>\n<p>MAKSETINGIMUSTE<br>Makse tehakse tellimuse vormistamise ajal, kasutades Hosemarket.fi veebisaidil olevaid makseviise.\nKui olete uus klient ja valite kohaletoimetamise aadressi, mis ei ole teie kodune aadress, v\u00f5ib Hosemarket n\u00f5uda makset tellimise ajal. <\/p>\n<p>K\u00c4ITLUS- JA TARNEKULUD<br>Kehtivad kohaletoimetamise tasud esitatakse e-poe kassas.<\/p>\n<p>TAGASTAMIS-, T\u00dcHISTAMIS- JA VAHETUSPOLIITIKA<br>Kui t\u00fchistate ostu v\u00f5i teavitate meid vahetusest, peate saadud toote tagastama viivitamata ja mitte hiljem kui 14 p\u00e4eva jooksul alates t\u00fchistamis-\/vahetusteate tegemisest.\nPange t\u00e4hele, et tagastamis- ja \u00fcmbervahetamis\u00f5igus ei kehti kliendi tellitud eritellimusel valmistatud, tikitud v\u00f5i tr\u00fckitud r\u00f5ivastele, v\u00e4lja arvatud juhul, kui see on tingitud meie veast. <\/p>\n<p>TRANSPORDIGA SEOTUD RISK<br>Kui toode saadetakse meilt, kanname transpordiriski.\nToote k\u00e4ttesaamisel on teil seitse (7) p\u00e4eva aega, et teatada transpordi k\u00e4igus tekkinud kahjustustest.\nKui m\u00e4\u00e4ratud aja jooksul aruannet ei esitata, ei v\u00f5eta transpordikahjude n\u00f5uet vastu.\nT\u00fchistamise v\u00f5i \u00fcmbervahetamise korral kannab klient tagasiveo riski.   <\/p>\n<p>VASTUTUS PUUDUSTE EEST<br>Kui tootel on defekt, v\u00f5tke \u00fchendust meie klienditeenindusega aadressil ask@hosemarket.com, et saada juhiseid defektse toote tasuta tagastamiseks.\nToode tuleb kasutamata kujul tagastada kohe p\u00e4rast defekti m\u00e4rkamist.\nKirjeldage defekti \u00fcksikasjalikult ja m\u00e4rkige see v\u00f5imaluse korral n\u00e4iteks lindiga.  <\/p>\n<p>KVALITEET<br>Hosemarket arendab oma tooteid pidevalt, nii et m\u00f5nikord ei pruugi tellitud toode t\u00e4pselt vastata kataloogis n\u00e4idatud tootele.\nSaadud toode sobib aga samaks otstarbeks.\nKui soovite siiski toote tagastada, saate loomulikult toote eest raha tagasi ja tagastatava postikulu.  <\/p>\n<p>TARNE<br>Teie tellitud toode toimetatakse teieni n\u00e4dala jooksul p\u00e4rast tellimuse esitamist, kui tellimuse kinnituses pole m\u00e4rgitud teisiti.\nTarneaja kohta saate teavet tellimuse kinnitusega, kui olete esitanud oma e-posti aadressi.\nKui toode hilineb, v\u00f5ite tellimuse t\u00fchistada.  <\/p>\n<p>Hosemarketi tarnetega tegelevad kohalikud logistikaettev\u00f5tted.\nSeet\u00f5ttu peab meil alati olema aadress ja saaja telefoninumber, et logistikaettev\u00f5te saaks tooted kohale toimetada.\nTuleb esitada t\u00e4ielik t\u00e4nava aadress, n\u00e4iteks Great lane 15, ja telefoninumber rahvusvahelises vormingus.\nMe ei saa saata ettev\u00f5ttele adresseeritud pakki P.O. Boxi aadressile.   <\/p>\n<p>KLIENDI NUMBER<br>Kui ostate meie juures, saate automaatselt kliendinumbri.\nSee on m\u00e4rgitud arvele ja tellimuse kinnitusele.\nTeie kliendinumbri kasutamine meiega suhtlemisel aitab meil teid paremini teenindada.  <\/p>\n<p>KLIENDI IDENTIMISANDMED<br>Hoidke sisselogimiseks vajalikke kliendi mandaate hoolikalt, et need ei satuks k\u00f5rvaliste isikute k\u00e4tte.\nKorraga saab teil olla ainult \u00fcks mandaadikomplekt.\nHosemarket ei vastuta kahjude eest, mis on p\u00f5hjustatud kliendi volituste v\u00e4\u00e4rkasutusest v\u00f5i kadumisest.  <\/p>\n<p>INFORMATSIOON<br>Teavitage meid viivitamatult nime- ja aadressiteabe vigadest v\u00f5i muudatustest.\nSamuti veenduge, et arveldusaadress, tarneaadress ja k\u00f5ik teie esitatud viitekoodid oleksid \u00f5iged. <\/p>\n<p>ISIKUANDMED \/ PRIVAATSUS<br>Hosemarket vastutab teie kui kliendi poolt meile edastatud isikuandmete t\u00f6\u00f6tlemise eest.\nTurunduse osana anal\u00fc\u00fcsime teie ostudega seotud teavet, sealhulgas isikuandmeid, samuti teie tegevust meie sotsiaalmeedia lehtedel ja veebisaidil.\nSee v\u00f5imaldab meil paljudel juhtudel oma turundust teile kohandada.  <\/p>\n<p>K\u00dcPSISTE KASUTAMINE<br>K\u00fcpsiseid kasutatakse Hosemarket.fi e-poes.\nK\u00fcpsis on v\u00e4ike tekstifail, mis salvestatakse teie brauserisse veebiostude ajal ja mis v\u00f5imaldab j\u00e4lgida veebipoe k\u00fclastajaid.\nK\u00fcpsiste kasutamine h\u00f5lbustab \u00fcldiselt internetiostude tegemist.\nLisaks v\u00f5imaldavad k\u00fcpsised luua mitmesugust koondteavet e-poe klientide kohta.\nK\u00fcpsiste abil kogutud teave on anon\u00fc\u00fcmne, kuid seda saab siduda kasutaja esitatud isikuandmetega ja kasutada suunatud reklaamiks.    <\/p>\n<p>INTELLEKTUAALOMANDI \u00d5IGUSED<br>Veebipood ja selle sisu on Hosemarketi ja tema partnerite omand, kaitstud autori\u00f5iguse ja muude intellektuaalomandi \u00f5igustega.\nVolitamata kasutamine v\u00f5i kopeerimine on keelatud.\nIntellektuaalomandi \u00f5igustega seotud vaidlusi reguleerivad Soome seadused.  <\/p>\n<p>V\u00c4\u00c4RAMATU J\u00d5UD<br>Hosemarket ei vastuta kahjude v\u00f5i viivituste eest, mis on p\u00f5hjustatud temast mitteolenevatest takistustest, mida ta ei saanud m\u00f5istlikult ette n\u00e4ha v\u00f5i mille tagaj\u00e4rgi ta ei saanud m\u00f5istlikult v\u00e4ltida.\nV\u00e4\u00e4ramatuks j\u00f5uks on n\u00e4iteks s\u00f5da, m\u00e4ss, t\u00f6\u00f6vaidlused, t\u00f6\u00f6tajate haigestumine, impordi- ja ekspordikeelud, h\u00e4ired avalikus telekommunikatsioonis, elektrikatkestused ning h\u00e4ired postiteenustes v\u00f5i maanteetranspordis.\nKui v\u00e4\u00e4ramatu j\u00f5u s\u00fcndmus kestab kauem kui kuu, on nii Hosemarketil kui ka kliendil \u00f5igus tehing t\u00fchistada ilma kompensatsiooni v\u00f5i viiviseta.  <\/p>\n<p>Kui vajate t\u00e4iendavat abi v\u00f5i teil on k\u00fcsimusi, andke mulle sellest teada!<\/p>\n\t\t\n<style>\n#text-2154414988 {\n  text-align: left;\n  color: rgb(0,0,0);\n}\n#text-2154414988 > * {\n  color: rgb(0,0,0);\n}\n<\/style>\n\t<\/div>\n\t\n\n\t\t<\/div>\n\t\t\t\t\n<style>\n#col-568412650 > .col-inner {\n  padding: 80px 20px 0px 20px;\n}\n@media (min-width:550px) {\n  #col-568412650 > .col-inner {\n    padding: 80px 20px 0px 20px;\n  }\n}\n@media (min-width:850px) {\n  #col-568412650 > .col-inner {\n    padding: 70px 0px 0px 0px;\n  }\n}\n<\/style>\n\t<\/div>\n\n\t\n\n<\/div>\n\n","protected":false},"excerpt":{"rendered":"","protected":false},"author":2,"featured_media":0,"parent":0,"menu_order":0,"comment_status":"closed","ping_status":"closed","template":"","meta":{"content-type":"","footnotes":""},"class_list":["post-578839","page","type-page","status-publish","hentry"],"_links":{"self":[{"href":"https:\/\/hosemarket.com\/et\/wp-json\/wp\/v2\/pages\/578839","targetHints":{"allow":["GET"]}}],"collection":[{"href":"https:\/\/hosemarket.com\/et\/wp-json\/wp\/v2\/pages"}],"about":[{"href":"https:\/\/hosemarket.com\/et\/wp-json\/wp\/v2\/types\/page"}],"author":[{"embeddable":true,"href":"https:\/\/hosemarket.com\/et\/wp-json\/wp\/v2\/users\/2"}],"replies":[{"embeddable":true,"href":"https:\/\/hosemarket.com\/et\/wp-json\/wp\/v2\/comments?post=578839"}],"version-history":[{"count":0,"href":"https:\/\/hosemarket.com\/et\/wp-json\/wp\/v2\/pages\/578839\/revisions"}],"wp:attachment":[{"href":"https:\/\/hosemarket.com\/et\/wp-json\/wp\/v2\/media?parent=578839"}],"curies":[{"name":"wp","href":"https:\/\/api.w.org\/{rel}","templated":true}]}}