{"id":583720,"date":"2024-06-12T12:54:46","date_gmt":"2024-06-12T09:54:46","guid":{"rendered":"https:\/\/hosemarket.com\/pide-presupuesto"},"modified":"2024-07-22T15:47:28","modified_gmt":"2024-07-22T12:47:28","slug":"pide-presupuesto","status":"publish","type":"page","link":"https:\/\/hosemarket.com\/es\/pide-presupuesto\/","title":{"rendered":"Pide presupuesto"},"content":{"rendered":"\n\n\t<section class=\"section\" id=\"section_1392814250\">\n\t\t<div class=\"section-bg fill\" >\n\t\t\t\t\t\t\t\t\t\n\t\t\t\n\n\t\t<\/div>\n\n\t\t\n\n\t\t<div class=\"section-content relative\">\n\t\t\t\n\n\t<div id=\"gap-366572856\" class=\"gap-element clearfix\" style=\"display:block; height:auto;\">\n\t\t\n<style>\n#gap-366572856 {\n  padding-top: 60px;\n}\n<\/style>\n\t<\/div>\n\t\n\n<div class=\"row\"  id=\"row-1081653048\">\n\n\n\t<div id=\"col-1633361852\" class=\"col medium-6 small-12 large-6\"  >\n\t\t\t\t<div class=\"col-inner\"  >\n\t\t\t\n\t\t\t\n\n\t<div class=\"img has-hover x md-x lg-x y md-y lg-y\" id=\"image_1382908763\">\n\t\t\t\t\t\t\t\t<div class=\"img-inner dark\" >\n\t\t\t<img decoding=\"async\" width=\"1020\" height=\"1020\" src=\"https:\/\/hosemarket.com\/wp-content\/uploads\/2024\/06\/hosemarket-full-metal-hoses-editorial-1920x1920.webp\" class=\"attachment-large size-large\" alt=\"Mangueras trenzadas totalmente met\u00e1licas de Hosemarket\" srcset=\"https:\/\/hosemarket.com\/wp-content\/uploads\/2024\/06\/hosemarket-full-metal-hoses-editorial-1920x1920.webp 1920w, https:\/\/hosemarket.com\/wp-content\/uploads\/2024\/06\/hosemarket-full-metal-hoses-editorial-64x64.webp 64w, https:\/\/hosemarket.com\/wp-content\/uploads\/2024\/06\/hosemarket-full-metal-hoses-editorial-1200x1200.webp 1200w, https:\/\/hosemarket.com\/wp-content\/uploads\/2024\/06\/hosemarket-full-metal-hoses-editorial-768x768.webp 768w, https:\/\/hosemarket.com\/wp-content\/uploads\/2024\/06\/hosemarket-full-metal-hoses-editorial-1536x1536.webp 1536w, https:\/\/hosemarket.com\/wp-content\/uploads\/2024\/06\/hosemarket-full-metal-hoses-editorial-2048x2048.webp 2048w, https:\/\/hosemarket.com\/wp-content\/uploads\/2024\/06\/hosemarket-full-metal-hoses-editorial-800x800.webp 800w, https:\/\/hosemarket.com\/wp-content\/uploads\/2024\/06\/hosemarket-full-metal-hoses-editorial-100x100.webp 100w\" sizes=\"(max-width: 1020px) 100vw, 1020px\" title=\"| | Hosemarket\">\t\t\t\t\t\t\n\t\t\t\t\t<\/div>\n\t\t\t\t\t\t\t\t\n<style>\n#image_1382908763 {\n  width: 39%;\n}\n<\/style>\n\t<\/div>\n\t\n\n\t<div id=\"text-1384027736\" class=\"text\">\n\t\t\n\n<h2 class=\"uppercase\"><span style=\"font-size: 150%;\"><strong>Usted est\u00e1 aqu\u00ed<br>Por una raz\u00f3n<\/strong><\/span><\/h2>\n<p><span style=\"font-size: 120%;\">Si no tienes tiempo de buscar o no encuentras el producto que necesitas, p\u00eddenos un presupuesto r\u00e1pido y te responderemos en <strong><span style=\"text-decoration: underline;\">menos de dos horas<\/span><\/strong>. <\/span><\/p>\n<p><span style=\"font-size: 120%;\">Lo llamamos el arreglo m\u00e1s f\u00e1cil posible para todas las situaciones de latiguillos y acoplamientos<strong>.<\/strong><br><\/span><\/p>\n\t\t\n<style>\n#text-1384027736 {\n  color: rgb(255,255,255);\n}\n#text-1384027736 > * {\n  color: rgb(255,255,255);\n}\n<\/style>\n\t<\/div>\n\t\n\n\t\t<\/div>\n\t\t\t\t\n<style>\n#col-1633361852 > .col-inner {\n  padding: 0px 10px 0px 10px;\n}\n@media (min-width:550px) {\n  #col-1633361852 > .col-inner {\n    padding: 0px 0px 0px 10px;\n  }\n}\n<\/style>\n\t<\/div>\n\n\t\n\n\t<div id=\"col-1674989553\" class=\"col medium-6 small-12 large-6\"  >\n\t\t\t\t<div class=\"col-inner\"  >\n\t\t\t\n\t\t\t\n\n\n\n<script charset=\"utf-8\" type=\"text\/javascript\" src=\"\/\/js.hsforms.net\/forms\/embed\/v2.js\"><\/script><script>hbspt.forms.create({\n    region: \"na1\",\n    portalId: \"9243821\",\n    formId: \"3145ef87-a947-4ca0-87ec-022963be8034\"\n  });\n<\/script>\n\n\n\t\t<\/div>\n\t\t\t\t\n<style>\n#col-1674989553 > .col-inner {\n  padding: 0px 10px 0px 10px;\n  margin: 60px 0px 0px 0px;\n}\n<\/style>\n\t<\/div>\n\n\t\n\n<\/div>\n\t<div id=\"gap-827878125\" class=\"gap-element clearfix\" style=\"display:block; height:auto;\">\n\t\t\n<style>\n#gap-827878125 {\n  padding-top: 60px;\n}\n<\/style>\n\t<\/div>\n\t\n\n\n\t\t<\/div>\n\n\t\t\n<style>\n#section_1392814250 {\n  padding-top: 30px;\n  padding-bottom: 30px;\n  background-color: rgb(37, 37, 37);\n}\n<\/style>\n\t<\/section>\n\t\n\n","protected":false},"excerpt":{"rendered":"","protected":false},"author":2,"featured_media":0,"parent":0,"menu_order":0,"comment_status":"closed","ping_status":"closed","template":"page-blank.php","meta":{"content-type":"","footnotes":""},"class_list":["post-583720","page","type-page","status-publish","hentry"],"_links":{"self":[{"href":"https:\/\/hosemarket.com\/es\/wp-json\/wp\/v2\/pages\/583720","targetHints":{"allow":["GET"]}}],"collection":[{"href":"https:\/\/hosemarket.com\/es\/wp-json\/wp\/v2\/pages"}],"about":[{"href":"https:\/\/hosemarket.com\/es\/wp-json\/wp\/v2\/types\/page"}],"author":[{"embeddable":true,"href":"https:\/\/hosemarket.com\/es\/wp-json\/wp\/v2\/users\/2"}],"replies":[{"embeddable":true,"href":"https:\/\/hosemarket.com\/es\/wp-json\/wp\/v2\/comments?post=583720"}],"version-history":[{"count":0,"href":"https:\/\/hosemarket.com\/es\/wp-json\/wp\/v2\/pages\/583720\/revisions"}],"wp:attachment":[{"href":"https:\/\/hosemarket.com\/es\/wp-json\/wp\/v2\/media?parent=583720"}],"curies":[{"name":"wp","href":"https:\/\/api.w.org\/{rel}","templated":true}]}}