{"id":578789,"date":"2022-04-07T20:05:34","date_gmt":"2022-04-07T17:05:34","guid":{"rendered":"https:\/\/hosemarket.com\/tilaus-ja-toimitusehdot"},"modified":"2024-07-22T15:54:37","modified_gmt":"2024-07-22T12:54:37","slug":"delivery-terms","status":"publish","type":"page","link":"https:\/\/hosemarket.com\/de\/delivery-terms\/","title":{"rendered":"Lieferbedingungen"},"content":{"rendered":"\n<div class=\"row\"  id=\"row-1135800279\">\n\n\n\t<div id=\"col-603472568\" class=\"col small-12 large-12\"  >\n\t\t\t\t<div class=\"col-inner\"  >\n\t\t\t\n\t\t\t\n\n\t<div id=\"text-694121550\" class=\"text\">\n\t\t\n\n<h1><span style=\"font-size: 150%;\"><span style=\"color: #000000;\">Lieferbedingungen<\/span><\/span><\/h1>\n<p><span style=\"color: #000000;\"> <\/span><\/p>\n<p> <\/p>\n<p>ALLGEMEIN<br>Diese Allgemeinen Gesch\u00e4ftsbedingungen gelten f\u00fcr den Hosemarket.fi Online-Shop, der sich im Besitz von Hosemarket befindet und von Hosemarket (&#8220;Hosemarket&#8221;), 2037322-6, Teollisuustie 3, 06150 Porvoo, Finnland, betrieben wird.<\/p>\n<p>KUNDSCHAFT<br>Um Kunde des Online-Shops zu werden, m\u00fcssen die Allgemeinen Gesch\u00e4ftsbedingungen des Shops eingehalten und die erforderlichen Informationen vollst\u00e4ndig und wahrheitsgem\u00e4\u00df angegeben werden.\nEink\u00e4ufe im Hosemarket.fi Online-Shop k\u00f6nnen von Personen ab 18 Jahren und Unternehmen, die im Handelsregister eingetragen sind, get\u00e4tigt werden.\nF\u00fcr die Bestellung von Produkten ist keine Registrierung als Kunde des Online-Shops erforderlich.\nHosemarket beh\u00e4lt sich das Recht vor, die Registrierung eines Kunden anzunehmen oder abzulehnen.   <\/p>\n<p>ANNAHME UND \u00c4NDERUNG DER BEDINGUNGEN<br>Durch die Nutzung des Online-Shops Hosemarket akzeptieren Sie diese Bedingungen und erkl\u00e4ren sich damit einverstanden, sie einzuhalten.\nHosemarket beh\u00e4lt sich das Recht vor, diese Bedingungen durch Ver\u00f6ffentlichung der \u00fcberarbeiteten Bedingungen auf der Website des Online-Shops zu \u00e4ndern.\nBitte lesen Sie die aktuellen Allgemeinen Gesch\u00e4ftsbedingungen, bevor Sie eine Bestellung aufgeben.  <\/p>\n<p>FUNKTIONSWEISE DES ONLINE-SHOPS<br>Hosemarket \u00fcbernimmt keine Gew\u00e4hr f\u00fcr einen ununterbrochenen oder fehlerfreien Betrieb des Online-Shops.\nEs kann zu Unterbrechungen kommen.\nHosemarket haftet nicht f\u00fcr Sch\u00e4den oder Verluste im Zusammenhang mit der Nutzung des Online-Shops, es sei denn, das geltende zwingende Recht schreibt etwas anderes vor.  <\/p>\n<p>ORDNUNG<br>Geben Sie Ihre Bestellung auf der Website auf, indem Sie den angegebenen Anweisungen folgen.\nJe nach Zahlungsmethode muss bei der Bestellung immer die Gesch\u00e4fts-, Privat- oder Organisations-ID angegeben werden.\nNach der Bestellung erhalten Sie eine Bestellbest\u00e4tigung an die von Ihnen angegebene E-Mail-Adresse.\nDie Auftragsbest\u00e4tigung enth\u00e4lt Details wie den Produktpreis und die Versandkosten.\n\u00dcberpr\u00fcfen Sie die Auftragsbest\u00e4tigung sorgf\u00e4ltig, um sicherzustellen, dass die Informationen korrekt sind.\nWenn es einen Fehler in der Auftragsbest\u00e4tigung gibt, Sie die Bestellung vor der Lieferung stornieren oder die Bestellung anderweitig \u00e4ndern m\u00f6chten, wenden Sie sich sofort an unseren Kundenservice unter ask@hosemarket.com.     <\/p>\n<p>RECHT AUF VERWEIGERUNG DER LIEFERUNG<br>Hosemarket beh\u00e4lt sich das Recht vor, den Verkauf einseitig zu stornieren oder die Anzahl der gelieferten Produkte ohne Entsch\u00e4digung oder R\u00fcckerstattung zu begrenzen, wenn das Produkt nicht verf\u00fcgbar ist, die Nachfrage das Angebot \u00fcbersteigt oder wenn ein wesentlicher und offensichtlicher Fehler im Produktpreis oder in anderen Informationen auf der Website vorliegt, die der Kunde bei der Bestellung h\u00e4tte verstehen m\u00fcssen.\nHosemarket hat das Recht, eine Bestellung abzulehnen, wenn die Kreditinformationen des Kunden einen Zahlungsverzug erkennen lassen oder wenn der Kunde zuvor bestellte Produkte nicht bezahlt hat. <\/p>\n<p>ZAHLUNGSBEDINGUNGEN<br>Die Zahlung erfolgt zum Zeitpunkt der Bestellung mit den auf der Hosemarket.fi Website verf\u00fcgbaren Zahlungsmethoden.\nWenn Sie ein neuer Kunde sind und eine andere Lieferadresse als Ihre Privatadresse w\u00e4hlen, kann Hosemarket die Zahlung zum Zeitpunkt der Bestellung verlangen. <\/p>\n<p>BEARBEITUNGS- UND LIEFERKOSTEN<br>Die aktuellen Versandkosten werden an der Kasse des Online-Shops angezeigt.<\/p>\n<p>R\u00dcCKGABE-, STORNIERUNGS- UND UMTAUSCHBEDINGUNGEN<br>Wenn Sie den Kauf stornieren oder uns \u00fcber einen Umtausch informieren, m\u00fcssen Sie das erhaltene Produkt unverz\u00fcglich und sp\u00e4testens 14 Tage nach Abgabe der Widerrufs-\/Umtauschbenachrichtigung zur\u00fccksenden.\nBeachten Sie, dass das R\u00fcckgabe- und Umtauschrecht nicht f\u00fcr vom Kunden bestellte ma\u00dfgeschneiderte, bestickte oder bedruckte Kleidungsst\u00fccke gilt, es sei denn, es liegt ein Fehler unsererseits vor. <\/p>\n<p>TRANSPORTRISIKO<br>Wenn ein Produkt von uns versendet wird, tragen wir das Transportrisiko.\nNach Erhalt des Produkts haben Sie sieben (7) Tage Zeit, um Sch\u00e4den zu melden, die w\u00e4hrend des Transports aufgetreten sind.\nErfolgt innerhalb der angegebenen Frist keine Meldung, wird kein Anspruch auf Transportsch\u00e4den geltend gemacht.\nBei Stornierungen oder Umtausch tr\u00e4gt der Kunde das Risiko des R\u00fccktransports.   <\/p>\n<p>HAFTUNG F\u00dcR M\u00c4NGEL<br>Wenn das Produkt einen Defekt aufweist, wenden Sie sich an unseren Kundendienst unter ask@hosemarket.com, um Anweisungen zur kostenlosen R\u00fccksendung des defekten Produkts zu erhalten.\nDas Produkt sollte sofort nach Feststellung des Defekts unbenutzt zur\u00fcckgegeben werden.\nBeschreiben Sie den Defekt detailliert und markieren Sie ihn wenn m\u00f6glich, zum Beispiel mit Klebeband.  <\/p>\n<p>QUALIT\u00c4T<br>Hosemarket entwickelt seine Produkte st\u00e4ndig weiter, so dass es manchmal vorkommen kann, dass das bestellte Produkt nicht genau mit dem im Katalog gezeigten Produkt \u00fcbereinstimmt.\nDas Produkt, das Sie erhalten, ist jedoch f\u00fcr den gleichen Zweck geeignet.\nWenn Sie das Produkt dennoch zur\u00fccksenden m\u00f6chten, erhalten Sie selbstverst\u00e4ndlich eine R\u00fcckerstattung f\u00fcr das Produkt und das R\u00fcckporto.  <\/p>\n<p>LIEFERUNG<br>Das von Ihnen bestellte Produkt wird Ihnen innerhalb einer Woche nach der Bestellung geliefert, sofern in der Auftragsbest\u00e4tigung nichts anderes angegeben ist.\nEine Information \u00fcber die Lieferzeit erhalten Sie mit der Bestellbest\u00e4tigung, wenn Sie Ihre E-Mail-Adresse angegeben haben.\nWenn sich ein Produkt verz\u00f6gert, k\u00f6nnen Sie die Bestellung stornieren.  <\/p>\n<p>Die Lieferungen von Hosemarket werden von lokalen Logistikunternehmen abgewickelt.\nDaher m\u00fcssen wir immer die Adresse und die Telefonnummer des Empf\u00e4ngers haben, damit das Logistikunternehmen die Produkte liefern kann.\nEs muss eine vollst\u00e4ndige Adresse angegeben werden, z. B. Great Lane 15, und eine Telefonnummer im internationalen Format.\nWir k\u00f6nnen kein Paket, das an ein Unternehmen adressiert ist, an eine Postfachadresse senden.   <\/p>\n<p>KUNDENNUMMER<br>Wenn Sie bei uns einkaufen, erhalten Sie automatisch eine Kundennummer.\nSie ist auf der Rechnung und der Auftragsbest\u00e4tigung gekennzeichnet.\nDie Verwendung Ihrer Kundennummer im Umgang mit uns hilft uns, Ihnen einen besseren Service zu bieten.  <\/p>\n<p>KUNDENREFERENZEN<br>Bewahren Sie die f\u00fcr die Anmeldung erforderlichen Kundendaten sorgf\u00e4ltig auf, damit sie nicht in die H\u00e4nde von Au\u00dfenstehenden fallen.\nSie k\u00f6nnen jeweils nur \u00fcber einen Satz von Anmeldeinformationen verf\u00fcgen.\nHosemarket ist nicht verantwortlich f\u00fcr Sch\u00e4den, die durch den Missbrauch oder Verlust von Kundendaten verursacht werden.  <\/p>\n<p>INFORMATION<br>Benachrichtigen Sie uns unverz\u00fcglich \u00fcber Fehler oder \u00c4nderungen der Namens- und Adressinformationen.\nStellen Sie au\u00dferdem sicher, dass die Rechnungsadresse, die Lieferadresse und der von Ihnen angegebene Referenzcode korrekt sind. <\/p>\n<p>PERS\u00d6NLICHE DATEN \/ DATENSCHUTZ<br>Hosemarket ist f\u00fcr die Verarbeitung der personenbezogenen Daten verantwortlich, die Sie uns als Kunde zur Verf\u00fcgung stellen.\nIm Rahmen unseres Marketings analysieren wir Informationen im Zusammenhang mit Ihren Eink\u00e4ufen, einschlie\u00dflich personenbezogener Daten, sowie Ihre Aktivit\u00e4ten auf unseren Social-Media-Seiten und unserer Website.\nDies erm\u00f6glicht es uns, unser Marketing in vielen F\u00e4llen auf Sie zuzuschneiden.  <\/p>\n<p>VERWENDUNG VON COOKIES<br>Cookies werden im Hosemarket.fi Online-Shop verwendet.\nEin Cookie ist eine kleine Textdatei, die w\u00e4hrend einer Online-Shopping-Sitzung in Ihrem Browser gespeichert wird und die Verfolgung der Besucher des Online-Shops erm\u00f6glicht.\nDie Verwendung von Cookies erleichtert in der Regel das Online-Shopping.\nDar\u00fcber hinaus erm\u00f6glichen Cookies die Erstellung verschiedener aggregierter Informationen \u00fcber Kunden des Online-Shops.\nDie von Cookies gesammelten Informationen sind anonym, k\u00f6nnen jedoch mit den vom Benutzer bereitgestellten personenbezogenen Daten verkn\u00fcpft und f\u00fcr gezielte Werbung verwendet werden.    <\/p>\n<p>RECHTE AN GEISTIGEM EIGENTUM<br>Der Online-Shop und seine Inhalte sind Eigentum von Hosemarket und seinen Partnern, die durch das Urheberrecht und andere Rechte an geistigem Eigentum gesch\u00fctzt sind.\nDie unbefugte Verwendung oder das Kopieren ist untersagt.\nStreitigkeiten im Zusammenhang mit Rechten an geistigem Eigentum unterliegen dem finnischen Recht.  <\/p>\n<p>H\u00d6HERE GEWALT<br>Hosemarket haftet nicht f\u00fcr Sch\u00e4den oder Verz\u00f6gerungen, die durch ein Hindernis verursacht werden, das au\u00dferhalb seiner Kontrolle liegt und das es vern\u00fcnftigerweise nicht vorhersehen konnte oder dessen Folgen es nicht vermeiden konnte.\nZu h\u00f6herer Gewalt geh\u00f6ren z. B. Krieg, Aufstand, Arbeitsk\u00e4mpfe, Krankheit des Personals, Ein- und Ausfuhrverbote, St\u00f6rungen der \u00f6ffentlichen Telekommunikation, Stromausf\u00e4lle sowie St\u00f6rungen im Post- oder Stra\u00dfenverkehr.\nWenn das Ereignis h\u00f6herer Gewalt l\u00e4nger als einen Monat andauert, haben sowohl Hosemarket als auch der Kunde das Recht, die Transaktion ohne Entsch\u00e4digung oder Verzugsstrafe zu stornieren.  <\/p>\n<p>Wenn Sie weitere Hilfe ben\u00f6tigen oder Fragen haben, lassen Sie es mich bitte wissen!<\/p>\n\t\t\n<style>\n#text-694121550 {\n  text-align: left;\n  color: rgb(0,0,0);\n}\n#text-694121550 > * {\n  color: rgb(0,0,0);\n}\n<\/style>\n\t<\/div>\n\t\n\n\t\t<\/div>\n\t\t\t\t\n<style>\n#col-603472568 > .col-inner {\n  padding: 80px 20px 0px 20px;\n}\n@media (min-width:550px) {\n  #col-603472568 > .col-inner {\n    padding: 80px 20px 0px 20px;\n  }\n}\n@media (min-width:850px) {\n  #col-603472568 > .col-inner {\n    padding: 70px 0px 0px 0px;\n  }\n}\n<\/style>\n\t<\/div>\n\n\t\n\n<\/div>\n\n","protected":false},"excerpt":{"rendered":"","protected":false},"author":2,"featured_media":0,"parent":0,"menu_order":0,"comment_status":"closed","ping_status":"closed","template":"","meta":{"content-type":"","footnotes":""},"class_list":["post-578789","page","type-page","status-publish","hentry"],"_links":{"self":[{"href":"https:\/\/hosemarket.com\/de\/wp-json\/wp\/v2\/pages\/578789","targetHints":{"allow":["GET"]}}],"collection":[{"href":"https:\/\/hosemarket.com\/de\/wp-json\/wp\/v2\/pages"}],"about":[{"href":"https:\/\/hosemarket.com\/de\/wp-json\/wp\/v2\/types\/page"}],"author":[{"embeddable":true,"href":"https:\/\/hosemarket.com\/de\/wp-json\/wp\/v2\/users\/2"}],"replies":[{"embeddable":true,"href":"https:\/\/hosemarket.com\/de\/wp-json\/wp\/v2\/comments?post=578789"}],"version-history":[{"count":0,"href":"https:\/\/hosemarket.com\/de\/wp-json\/wp\/v2\/pages\/578789\/revisions"}],"wp:attachment":[{"href":"https:\/\/hosemarket.com\/de\/wp-json\/wp\/v2\/media?parent=578789"}],"curies":[{"name":"wp","href":"https:\/\/api.w.org\/{rel}","templated":true}]}}