{"id":578791,"date":"2022-04-07T20:05:34","date_gmt":"2022-04-07T17:05:34","guid":{"rendered":"https:\/\/hosemarket.com\/tilaus-ja-toimitusehdot"},"modified":"2024-07-22T15:52:54","modified_gmt":"2024-07-22T12:52:54","slug":"delivery-terms","status":"publish","type":"page","link":"https:\/\/hosemarket.com\/da\/delivery-terms\/","title":{"rendered":"Leveringsbetingelser"},"content":{"rendered":"\n<div class=\"row\"  id=\"row-2123262913\">\n\n\n\t<div id=\"col-1189196049\" class=\"col small-12 large-12\"  >\n\t\t\t\t<div class=\"col-inner\"  >\n\t\t\t\n\t\t\t\n\n\t<div id=\"text-2449118418\" class=\"text\">\n\t\t\n\n<h1><span style=\"font-size: 150%;\"><span style=\"color: #000000;\">Leveringsbetingelser<\/span><\/span><\/h1>\n<p><span style=\"color: #000000;\"> <\/span><\/p>\n<p> <\/p>\n<p>GENEREL<br>Disse vilk\u00e5r og betingelser g\u00e6lder for den Hosemarket.fi onlinebutik, der ejes og drives af Hosemarket (&#8220;Hosemarket&#8221;), 2037322-6, Teollisuustie 3, 06150 Porvoo, Finland.<\/p>\n<p>KUNDER<br>At blive kunde i onlinebutikken kr\u00e6ver overholdelse af butikkens vilk\u00e5r og betingelser, der giver de n\u00f8dvendige oplysninger fuldst\u00e6ndigt og sandf\u00e6rdigt.\nK\u00f8b fra Hosemarket.fi onlinebutik kan foretages af personer p\u00e5 18 \u00e5r og derover og virksomheder, der er registreret i handelsregistret.\nBestilling af produkter kr\u00e6ver ikke registrering som kunde i onlinebutikken.\nHosemarket forbeholder sig ret til at acceptere eller afvise en kundes registrering.   <\/p>\n<p>ACCEPT OG \u00c6NDRING AF VILK\u00c5R<br>Ved at bruge Hosemarkets onlinebutik accepterer du disse vilk\u00e5r og accepterer at overholde dem.\nHosemarket forbeholder sig ret til at \u00e6ndre disse vilk\u00e5r ved at offentligg\u00f8re de reviderede vilk\u00e5r p\u00e5 onlinebutikkens hjemmeside.\nGennemg\u00e5 venligst de aktuelle vilk\u00e5r og betingelser, f\u00f8r du afgiver en ordre.  <\/p>\n<p>FUNKTIONALITET AF ONLINEBUTIKKEN<br>Hosemarket garanterer ikke uafbrudt eller fejlfri drift af onlinebutikken.\nAfbrydelser kan forekomme.\nHosemarket er ikke ansvarlig for eventuelle skader eller tab i forbindelse med brugen af onlinebutikken, medmindre andet kr\u00e6ves af g\u00e6ldende ufravigelig lovgivning.  <\/p>\n<p>BESTILLING<br>Afgiv din ordre p\u00e5 hjemmesiden ved at f\u00f8lge de givne instruktioner.\nAfh\u00e6ngigt af betalingsmetoden skal virksomheds-, personal- eller organisations-id&#8217;et altid angives sammen med ordren.\nN\u00e5r du har afgivet en ordre, modtager du en ordrebekr\u00e6ftelse til den e-mailadresse, du har angivet.\nOrdrebekr\u00e6ftelsen vil indeholde detaljer s\u00e5som produktpris og leveringsomkostninger.\nTjek ordrebekr\u00e6ftelsen omhyggeligt for at sikre, at oplysningerne er korrekte.\nHvis der er en fejl i ordrebekr\u00e6ftelsen, du \u00f8nsker at annullere ordren inden levering, eller p\u00e5 anden m\u00e5de \u00e6ndre ordren, skal du kontakte vores kundeservice med det samme p\u00e5 ask@hosemarket.com.     <\/p>\n<p>RET TIL AT N\u00c6GTE LEVERING<br>Hosemarket forbeholder sig ret til ensidigt at annullere salget eller begr\u00e6nse antallet af leverede produkter uden kompensation eller refusion, hvis produktet ikke er tilg\u00e6ngeligt, eftersp\u00f8rgslen overstiger udbuddet, eller hvis der er en v\u00e6sentlig og \u00e5benlys fejl i produktprisen eller andre oplysninger p\u00e5 hjemmesiden, som kunden burde have forst\u00e5et ved afgivelse af ordren.\nHosemarket har ret til at afvise en ordre, hvis kundens kreditoplysninger viser en betalingsmisligholdelse, eller hvis kunden tidligere har undladt at betale for bestilte produkter. <\/p>\n<p>BETALINGSBETINGELSER<br>Betaling sker p\u00e5 bestillingstidspunktet ved hj\u00e6lp af de betalingsmetoder, der er tilg\u00e6ngelige p\u00e5 Hosemarket.fi hjemmeside.\nHvis du er ny kunde og v\u00e6lger en anden leveringsadresse end din hjemmeadresse, kan Hosemarket kr\u00e6ve betaling p\u00e5 bestillingstidspunktet. <\/p>\n<p>EKSPEDITIONS- OG LEVERINGSOMKOSTNINGER<br>Aktuelle leveringsomkostninger vises ved kassen i onlinebutikken.<\/p>\n<p>RETUR-, ANNULLERINGS- OG OMBYTNINGSPOLITIK<br>Hvis du fortryder k\u00f8bet eller giver os besked om en ombytning, skal du returnere det modtagne produkt uden forsinkelse og senest 14 dage efter meddelelsen om fortrydelse\/ombytning.\nBem\u00e6rk, at retur- og ombytningsretten ikke g\u00e6lder for specialfremstillede, broderede eller trykte bekl\u00e6dningsgenstande, der er bestilt af kunden, medmindre det skyldes en fejl fra vores side. <\/p>\n<p>TRANSPORTRISIKO<br>N\u00e5r et produkt sendes fra os, b\u00e6rer vi risikoen for transport.\nN\u00e5r du modtager produktet, har du syv (7) dage til at rapportere eventuelle skader, der er opst\u00e5et under transporten.\nHvis der ikke foretages en anmeldelse inden for den angivne tid, accepteres der ikke krav om transportskade.\nVed afbestilling eller ombytning b\u00e6rer kunden risikoen for returtransport.   <\/p>\n<p>ANSVAR FOR MANGLER<br>Hvis der er en defekt ved produktet, skal du kontakte vores kundeservice p\u00e5 ask@hosemarket.com for instruktioner om returnering af det defekte produkt uden omkostninger.\nProduktet skal returneres ubrugt umiddelbart efter, at defekten er opdaget.\nBeskriv fejlen i detaljer og marker den, hvis det er muligt, f.eks. med tape.  <\/p>\n<p>KVALITET<br>Hosemarket udvikler l\u00f8bende sine produkter, s\u00e5 nogle gange matcher det bestilte produkt muligvis ikke n\u00f8jagtigt det produkt, der vises i kataloget.\nDet produkt, du modtager, vil dog v\u00e6re egnet til samme form\u00e5l.\nHvis du stadig \u00f8nsker at returnere produktet, vil du naturligvis modtage en refusion for produktet og returportoen.  <\/p>\n<p>LEVERING<br>Det produkt, du har bestilt, vil blive leveret til dig inden for en uge efter ordren, medmindre andet er angivet i ordrebekr\u00e6ftelsen.\nDu vil modtage information om leveringstiden med ordrebekr\u00e6ftelsen, hvis du har oplyst din e-mailadresse.\nHvis et produkt er forsinket, kan du annullere ordren.  <\/p>\n<p>Leverancer fra Hosemarket h\u00e5ndteres af lokale logistikvirksomheder.\nDerfor skal vi altid have gadeadressen og modtagerens telefonnummer, s\u00e5 logistikvirksomheden kan levere produkterne.\nDer skal angives en komplet adresse, f.eks. Great lane 15, og et telefonnummer i internationalt format.\nVi kan ikke sende en pakke adresseret til en virksomhed til en postboksadresse.   <\/p>\n<p>KUNDENUMMER<br>N\u00e5r du handler hos os, modtager du automatisk et kundenummer.\nDet er markeret p\u00e5 fakturaen og ordrebekr\u00e6ftelsen.\nBrug af dit kundenummer, n\u00e5r du handler med os, hj\u00e6lper os med at betjene dig bedre.  <\/p>\n<p>KUNDENS LEGITIMATIONSOPLYSNINGER<br>Opbevar de n\u00f8dvendige kundeoplysninger til login omhyggeligt, s\u00e5 de ikke falder i h\u00e6nderne p\u00e5 udenforst\u00e5ende.\nDu kan kun have \u00e9t s\u00e6t legitimationsoplysninger ad gangen.\nHosemarket er ikke ansvarlig for skader for\u00e5rsaget af misbrug eller tab af kundeoplysninger.  <\/p>\n<p>INFORMATION<br>Giv os straks besked om eventuelle fejl eller \u00e6ndringer i navne- og adresseoplysninger.\nS\u00f8rg ogs\u00e5 for, at faktureringsadressen, leveringsadressen og eventuelle referencekoder, du angiver, er korrekte. <\/p>\n<p>PERSONOPLYSNINGER \/ PRIVATLIV<br>Hosemarket er ansvarlig for behandlingen af de personoplysninger, du giver os som kunde.\nSom en del af vores markedsf\u00f8ring analyserer vi oplysninger relateret til dine k\u00f8b, herunder personoplysninger, samt din aktivitet p\u00e5 vores sociale mediesider og hjemmeside.\nDette giver os mulighed for at skr\u00e6ddersy vores markedsf\u00f8ring til dig i mange tilf\u00e6lde.  <\/p>\n<p>BRUG AF COOKIES<br>Cookies bruges i den Hosemarket.fi netbutik.\nEn cookie er en lille tekstfil, der gemmes i din browser under en online shoppingsession, og som g\u00f8r det muligt at spore bes\u00f8gende i onlinebutikken.\nBrugen af cookies letter generelt online shopping.\nDerudover g\u00f8r cookies det muligt at oprette forskellige aggregerede oplysninger om webshopkunder.\nDe oplysninger, der indsamles af cookies, er anonyme, men kan knyttes til personoplysninger, der leveres af brugeren, og bruges til m\u00e5lrettet annoncering.    <\/p>\n<p>IMMATERIELLE RETTIGHEDER<br>Onlinebutikken og dens indhold tilh\u00f8rer Hosemarket og dets partnere, beskyttet af ophavsret og andre intellektuelle ejendomsrettigheder.\nUautoriseret brug eller kopiering er forbudt.\nTvister vedr\u00f8rende immaterielle rettigheder er underlagt finsk lovgivning.  <\/p>\n<p>FORCE MAJEURE<br>Hosemarket er ikke ansvarlig for skader eller forsinkelser for\u00e5rsaget af en hindring uden for dets kontrol, som det ikke med rimelighed kunne forudse, eller hvis konsekvenser det ikke kunne undg\u00e5.\nForce majeure omfatter f.eks. krig, opr\u00f8r, arbejdskonflikter, sygdom hos personalet, import- og eksportforbud, forstyrrelser i offentlig telekommunikation, str\u00f8mafbrydelser og forstyrrelser i posttjenester eller vejtransport.\nHvis force majeure-begivenheden forts\u00e6tter i mere end en m\u00e5ned, har b\u00e5de Hosemarket og kunden ret til at annullere transaktionen uden kompensation eller forsinkelsesstraf.  <\/p>\n<p>Hvis du har brug for yderligere hj\u00e6lp eller har sp\u00f8rgsm\u00e5l, s\u00e5 lad mig det vide!<\/p>\n\t\t\n<style>\n#text-2449118418 {\n  text-align: left;\n  color: rgb(0,0,0);\n}\n#text-2449118418 > * {\n  color: rgb(0,0,0);\n}\n<\/style>\n\t<\/div>\n\t\n\n\t\t<\/div>\n\t\t\t\t\n<style>\n#col-1189196049 > .col-inner {\n  padding: 80px 20px 0px 20px;\n}\n@media (min-width:550px) {\n  #col-1189196049 > .col-inner {\n    padding: 80px 20px 0px 20px;\n  }\n}\n@media (min-width:850px) {\n  #col-1189196049 > .col-inner {\n    padding: 70px 0px 0px 0px;\n  }\n}\n<\/style>\n\t<\/div>\n\n\t\n\n<\/div>\n\n","protected":false},"excerpt":{"rendered":"","protected":false},"author":2,"featured_media":0,"parent":0,"menu_order":0,"comment_status":"closed","ping_status":"closed","template":"","meta":{"content-type":"","footnotes":""},"class_list":["post-578791","page","type-page","status-publish","hentry"],"_links":{"self":[{"href":"https:\/\/hosemarket.com\/da\/wp-json\/wp\/v2\/pages\/578791","targetHints":{"allow":["GET"]}}],"collection":[{"href":"https:\/\/hosemarket.com\/da\/wp-json\/wp\/v2\/pages"}],"about":[{"href":"https:\/\/hosemarket.com\/da\/wp-json\/wp\/v2\/types\/page"}],"author":[{"embeddable":true,"href":"https:\/\/hosemarket.com\/da\/wp-json\/wp\/v2\/users\/2"}],"replies":[{"embeddable":true,"href":"https:\/\/hosemarket.com\/da\/wp-json\/wp\/v2\/comments?post=578791"}],"version-history":[{"count":0,"href":"https:\/\/hosemarket.com\/da\/wp-json\/wp\/v2\/pages\/578791\/revisions"}],"wp:attachment":[{"href":"https:\/\/hosemarket.com\/da\/wp-json\/wp\/v2\/media?parent=578791"}],"curies":[{"name":"wp","href":"https:\/\/api.w.org\/{rel}","templated":true}]}}