{"id":578785,"date":"2022-04-07T20:05:34","date_gmt":"2022-04-07T17:05:34","guid":{"rendered":"https:\/\/hosemarket.com\/tilaus-ja-toimitusehdot"},"modified":"2024-07-22T15:56:15","modified_gmt":"2024-07-22T12:56:15","slug":"delivery-terms","status":"publish","type":"page","link":"https:\/\/hosemarket.com\/cs\/delivery-terms\/","title":{"rendered":"Dodac\u00ed podm\u00ednky"},"content":{"rendered":"\n<div class=\"row\"  id=\"row-1881618223\">\n\n\n\t<div id=\"col-574302026\" class=\"col small-12 large-12\"  >\n\t\t\t\t<div class=\"col-inner\"  >\n\t\t\t\n\t\t\t\n\n\t<div id=\"text-3171860473\" class=\"text\">\n\t\t\n\n<h1><span style=\"font-size: 150%;\"><span style=\"color: #000000;\">Dodac\u00ed podm\u00ednky<\/span><\/span><\/h1>\n<p><span style=\"color: #000000;\"> <\/span><\/p>\n<p> <\/p>\n<p>OBECN\u00c9<br>Tyto podm\u00ednky se vztahuj\u00ed na internetov\u00fd obchod Hosemarket.fi, kter\u00fd vlastn\u00ed a provozuje spole\u010dnost Hosemarket (&#8220;Hosemarket&#8221;), 2037322-6, Teollisuustie 3, 06150 Porvoo, Finsko.<\/p>\n<p>Z\u00c1KAZN\u00cdCI<br>St\u00e1t se z\u00e1kazn\u00edkem internetov\u00e9ho obchodu vy\u017eaduje dodr\u017eov\u00e1n\u00ed obchodn\u00edch podm\u00ednek obchodu a \u00fapln\u00e9 a pravdiv\u00e9 poskytnut\u00ed po\u017eadovan\u00fdch informac\u00ed.\nN\u00e1kup v internetov\u00e9m obchod\u011b Hosemarket.fi mohou prov\u00e1d\u011bt fyzick\u00e9 osoby star\u0161\u00ed 18 let a spole\u010dnosti zapsan\u00e9 v obchodn\u00edm rejst\u0159\u00edku.\nObjedn\u00e1n\u00ed produkt\u016f nevy\u017eaduje registraci jako z\u00e1kazn\u00edka internetov\u00e9ho obchodu.\nHosemarket si vyhrazuje pr\u00e1vo p\u0159ijmout nebo odm\u00edtnout registraci z\u00e1kazn\u00edka.   <\/p>\n<p>P\u0158IJET\u00cd A ZM\u011aNA PODM\u00cdNEK<br>Pou\u017e\u00edv\u00e1n\u00edm internetov\u00e9ho obchodu Hosemarket souhlas\u00edte s t\u011bmito podm\u00ednkami a souhlas\u00edte s jejich dodr\u017eov\u00e1n\u00edm.\nSpole\u010dnost Hosemarket si vyhrazuje pr\u00e1vo zm\u011bnit tyto podm\u00ednky zve\u0159ejn\u011bn\u00edm revidovan\u00fdch podm\u00ednek na webov\u00fdch str\u00e1nk\u00e1ch internetov\u00e9ho obchodu.\nP\u0159ed zad\u00e1n\u00edm objedn\u00e1vky si pros\u00edm p\u0159e\u010dt\u011bte aktu\u00e1ln\u00ed obchodn\u00ed podm\u00ednky.  <\/p>\n<p>FUNK\u010cNOST INTERNETOV\u00c9HO OBCHODU<br>Hosemarket nezaru\u010duje nep\u0159etr\u017eit\u00fd nebo bezchybn\u00fd provoz internetov\u00e9ho obchodu.\nMohlo by doj\u00edt k p\u0159eru\u0161en\u00ed.\nSpole\u010dnost Hosemarket nenese odpov\u011bdnost za \u017e\u00e1dn\u00e9 \u0161kody nebo ztr\u00e1ty souvisej\u00edc\u00ed s pou\u017e\u00edv\u00e1n\u00edm internetov\u00e9ho obchodu, pokud platn\u00e9 z\u00e1vazn\u00e9 pr\u00e1vn\u00ed p\u0159edpisy nevy\u017eaduj\u00ed jinak.  <\/p>\n<p>OBJEDN\u00c1V\u00c1N\u00cd<br>Objednejte si na webov\u00fdch str\u00e1nk\u00e1ch podle uveden\u00fdch pokyn\u016f.\nV z\u00e1vislosti na zp\u016fsobu platby mus\u00ed b\u00fdt k objedn\u00e1vce v\u017edy poskytnuto ID firmy, osoby nebo organizace.\nPo zad\u00e1n\u00ed objedn\u00e1vky obdr\u017e\u00edte potvrzen\u00ed objedn\u00e1vky na v\u00e1mi uvedenou e-mailovou adresu.\nPotvrzen\u00ed objedn\u00e1vky bude obsahovat podrobnosti, jako je cena produktu a poplatek za doru\u010den\u00ed.\nPe\u010dliv\u011b zkontrolujte potvrzen\u00ed objedn\u00e1vky, abyste se ujistili, \u017ee jsou informace spr\u00e1vn\u00e9.\nPokud se v potvrzen\u00ed objedn\u00e1vky vyskytne chyba, chcete objedn\u00e1vku p\u0159ed doru\u010den\u00edm zru\u0161it, nebo jinak objedn\u00e1vku zm\u011bnit, kontaktujte neprodlen\u011b n\u00e1\u0161 z\u00e1kaznick\u00fd servis na ask@hosemarket.com.     <\/p>\n<p>PR\u00c1VO ODM\u00cdTNOUT DOD\u00c1VKU<br>Spole\u010dnost Hosemarket si vyhrazuje pr\u00e1vo jednostrann\u011b zru\u0161it prodej nebo omezit po\u010det dodan\u00fdch produkt\u016f bez n\u00e1hrady nebo n\u00e1hrady, pokud je produkt nedostupn\u00fd, popt\u00e1vka p\u0159evy\u0161uje nab\u00eddku nebo pokud se vyskytne podstatn\u00e1 a zjevn\u00e1 chyba v cen\u011b produktu nebo jin\u00fdch informac\u00edch na webov\u00fdch str\u00e1nk\u00e1ch, kter\u00fdm m\u011bl z\u00e1kazn\u00edk rozum\u011bt p\u0159i zad\u00e1v\u00e1n\u00ed objedn\u00e1vky.\nSpole\u010dnost Hosemarket m\u00e1 pr\u00e1vo odm\u00edtnout objedn\u00e1vku, pokud informace o \u00fav\u011bru z\u00e1kazn\u00edka ukazuj\u00ed na prodlen\u00ed s platbou nebo pokud z\u00e1kazn\u00edk d\u0159\u00edve nezaplatil za objednan\u00e9 produkty. <\/p>\n<p>PLATEBN\u00cd PODM\u00cdNKY<br>Platba se prov\u00e1d\u00ed v okam\u017eiku objedn\u00e1vky pomoc\u00ed platebn\u00edch metod dostupn\u00fdch na webov\u00fdch str\u00e1nk\u00e1ch Hosemarket.fi.\nPokud jste nov\u00fd z\u00e1kazn\u00edk a zvol\u00edte si jinou doru\u010dovac\u00ed adresu, ne\u017e je adresa va\u0161eho bydli\u0161t\u011b, m\u016f\u017ee Hosemarket vy\u017eadovat platbu v dob\u011b objedn\u00e1vky. <\/p>\n<p>MANIPULA\u010cN\u00cd A DORU\u010cOVAC\u00cd POPLATKY<br>Aktu\u00e1ln\u00ed poplatky za doru\u010den\u00ed jsou uvedeny u pokladny internetov\u00e9ho obchodu.<\/p>\n<p>Z\u00c1SADY VR\u00c1CEN\u00cd, ZRU\u0160EN\u00cd A V\u00ddM\u011aNY<br>Pokud zru\u0161\u00edte n\u00e1kup nebo n\u00e1s informujete o v\u00fdm\u011bn\u011b, mus\u00edte obdr\u017een\u00fd produkt vr\u00e1tit bez zbyte\u010dn\u00e9ho odkladu, nejpozd\u011bji do 14 dn\u016f od pod\u00e1n\u00ed ozn\u00e1men\u00ed o zru\u0161en\u00ed\/v\u00fdm\u011bn\u011b.\nUpozor\u0148ujeme, \u017ee pr\u00e1vo na vr\u00e1cen\u00ed a v\u00fdm\u011bnu se nevztahuje na od\u011bvy vyroben\u00e9 na zak\u00e1zku, vy\u0161\u00edvan\u00e9 nebo poti\u0161t\u011bn\u00e9 z\u00e1kazn\u00edkem, kter\u00e9 si z\u00e1kazn\u00edk objednal, pokud nedo\u0161lo k chyb\u011b na na\u0161\u00ed stran\u011b. <\/p>\n<p>P\u0158EPRAVN\u00cd RIZIKO<br>Pokud je produkt odesl\u00e1n od n\u00e1s, neseme riziko p\u0159epravy.\nPo obdr\u017een\u00ed produktu m\u00e1te sedm (7) dn\u00ed na nahl\u00e1\u0161en\u00ed jak\u00e9hokoli po\u0161kozen\u00ed, ke kter\u00e9mu do\u0161lo b\u011bhem p\u0159epravy.\nPokud nebude ve stanoven\u00e9 lh\u016ft\u011b pod\u00e1na \u017e\u00e1dn\u00e1 zpr\u00e1va, nebude uzn\u00e1n \u017e\u00e1dn\u00fd n\u00e1rok na po\u0161kozen\u00ed p\u0159i p\u0159eprav\u011b.\nV p\u0159\u00edpad\u011b zru\u0161en\u00ed nebo v\u00fdm\u011bny nese z\u00e1kazn\u00edk riziko zp\u011btn\u00e9 p\u0159epravy.   <\/p>\n<p>ODPOV\u011aDNOST ZA VADY<br>Pokud se na v\u00fdrobku vyskytne z\u00e1vada, obra\u0165te se na n\u00e1\u0161 z\u00e1kaznick\u00fd servis na \u010d\u00edsle ask@hosemarket.com, kde v\u00e1m poskytnou pokyny k bezplatn\u00e9mu vr\u00e1cen\u00ed vadn\u00e9ho produktu.\nV\u00fdrobek by m\u011bl b\u00fdt vr\u00e1cen nepou\u017eit\u00fd ihned po zji\u0161t\u011bn\u00ed vady.\nZ\u00e1vadu podrobn\u011b popi\u0161te a pokud mo\u017eno ji ozna\u010dte, nap\u0159\u00edklad p\u00e1skou.  <\/p>\n<p>KVALITA<br>Hosemarket neust\u00e1le vyv\u00edj\u00ed sv\u00e9 produkty, tak\u017ee n\u011bkdy se m\u016f\u017ee st\u00e1t, \u017ee objednan\u00fd produkt nebude p\u0159esn\u011b odpov\u00eddat produktu zobrazen\u00e9mu v katalogu.\nProdukt, kter\u00fd obdr\u017e\u00edte, v\u0161ak bude vhodn\u00fd pro stejn\u00fd \u00fa\u010del.\nPokud si p\u0159esto p\u0159ejete produkt vr\u00e1tit, samoz\u0159ejm\u011b v\u00e1m bude vr\u00e1cena \u010d\u00e1stka za produkt a po\u0161tovn\u00e9 za vr\u00e1cen\u00ed.  <\/p>\n<p>DORU\u010cEN\u00cd<br>Produkt, kter\u00fd jste si objednali, v\u00e1m bude doru\u010den do t\u00fddne od objedn\u00e1vky, pokud nen\u00ed v potvrzen\u00ed objedn\u00e1vky uvedeno jinak.\nInformace o dodac\u00ed lh\u016ft\u011b obdr\u017e\u00edte spolu s potvrzen\u00edm objedn\u00e1vky, pokud jste uvedli svou e-mailovou adresu.\nPokud se produkt zpozd\u00ed, m\u016f\u017eete objedn\u00e1vku zru\u0161it.  <\/p>\n<p>Dod\u00e1vky z Hosemarketu zaji\u0161\u0165uj\u00ed m\u00edstn\u00ed logistick\u00e9 spole\u010dnosti.\nProto mus\u00edme m\u00edt v\u017edy k dispozici po\u0161tovn\u00ed adresu a telefonn\u00ed \u010d\u00edslo p\u0159\u00edjemce, aby logistick\u00e1 spole\u010dnost mohla produkty doru\u010dit.\nMus\u00ed b\u00fdt uvedena \u00fapln\u00e1 adresa, nap\u0159\u00edklad Great lane 15, a telefonn\u00ed \u010d\u00edslo v mezin\u00e1rodn\u00edm form\u00e1tu.\nNem\u016f\u017eeme poslat bal\u00edk adresovan\u00fd firm\u011b na adresu P.O. Boxu.   <\/p>\n<p>Z\u00c1KAZNICK\u00c9 \u010c\u00cdSLO<br>Kdy\u017e u n\u00e1s nakoup\u00edte, automaticky obdr\u017e\u00edte z\u00e1kaznick\u00e9 \u010d\u00edslo.\nJe vyzna\u010deno na faktu\u0159e a potvrzen\u00ed objedn\u00e1vky.\nPou\u017e\u00edv\u00e1n\u00ed va\u0161eho z\u00e1kaznick\u00e9ho \u010d\u00edsla p\u0159i jedn\u00e1n\u00ed s n\u00e1mi n\u00e1m pom\u00e1h\u00e1 l\u00e9pe v\u00e1m slou\u017eit.  <\/p>\n<p>P\u0158IHLA\u0160OVAC\u00cd \u00daDAJE Z\u00c1KAZN\u00cdKA<br>Pe\u010dliv\u011b uschovejte p\u0159ihla\u0161ovac\u00ed \u00fadaje z\u00e1kazn\u00edka pot\u0159ebn\u00e9 pro p\u0159ihl\u00e1\u0161en\u00ed, aby se nedostaly do rukou ciz\u00edch osob.\nV jednom okam\u017eiku m\u016f\u017eete m\u00edt pouze jednu sadu p\u0159ihla\u0161ovac\u00edch \u00fadaj\u016f.\nSpole\u010dnost Hosemarket nenese odpov\u011bdnost za \u0161kody zp\u016fsoben\u00e9 nespr\u00e1vn\u00fdm pou\u017eit\u00edm nebo ztr\u00e1tou p\u0159ihla\u0161ovac\u00edch \u00fadaj\u016f z\u00e1kazn\u00edka.  <\/p>\n<p>INFORMACE<br>Neprodlen\u011b n\u00e1s informujte o jak\u00fdchkoli chyb\u00e1ch nebo zm\u011bn\u00e1ch v \u00fadaj\u00edch o jm\u00e9n\u011b a adrese.\nTak\u00e9 se ujist\u011bte, \u017ee faktura\u010dn\u00ed adresa, dodac\u00ed adresa a p\u0159\u00edpadn\u00fd referen\u010dn\u00ed k\u00f3d, kter\u00fd uvedete, jsou spr\u00e1vn\u00e9. <\/p>\n<p>OSOBN\u00cd \u00daDAJE \/ SOUKROM\u00cd<br>Spole\u010dnost Hosemarket je odpov\u011bdn\u00e1 za zpracov\u00e1n\u00ed osobn\u00edch \u00fadaj\u016f, kter\u00e9 n\u00e1m jako z\u00e1kazn\u00edk poskytnete.\nV r\u00e1mci na\u0161eho marketingu analyzujeme informace souvisej\u00edc\u00ed s va\u0161imi n\u00e1kupy, v\u010detn\u011b osobn\u00edch \u00fadaj\u016f, a tak\u00e9 va\u0161i aktivitu na na\u0161ich str\u00e1nk\u00e1ch soci\u00e1ln\u00edch m\u00e9di\u00ed a webov\u00fdch str\u00e1nk\u00e1ch.\nTo n\u00e1m v mnoha p\u0159\u00edpadech umo\u017e\u0148uje p\u0159izp\u016fsobit n\u00e1\u0161 marketing na m\u00edru.  <\/p>\n<p>POU\u017d\u00cdV\u00c1N\u00cd COOKIES<br>Soubory cookie se pou\u017e\u00edvaj\u00ed v internetov\u00e9m obchod\u011b Hosemarket.fi.\nCookie je mal\u00fd textov\u00fd soubor, kter\u00fd se ulo\u017e\u00ed do va\u0161eho prohl\u00ed\u017ee\u010de b\u011bhem online nakupov\u00e1n\u00ed a umo\u017e\u0148uje sledov\u00e1n\u00ed n\u00e1v\u0161t\u011bvn\u00edk\u016f internetov\u00e9ho obchodu.\nPou\u017e\u00edv\u00e1n\u00ed cookies obecn\u011b usnad\u0148uje online nakupov\u00e1n\u00ed.\nSoubory cookie nav\u00edc umo\u017e\u0148uj\u00ed vytv\u00e1\u0159en\u00ed r\u016fzn\u00fdch agregovan\u00fdch informac\u00ed o z\u00e1kazn\u00edc\u00edch internetov\u00e9ho obchodu.\nInformace shrom\u00e1\u017ed\u011bn\u00e9 soubory cookie jsou anonymn\u00ed, ale mohou b\u00fdt propojeny s osobn\u00edmi \u00fadaji poskytnut\u00fdmi u\u017eivatelem a pou\u017eity pro c\u00edlenou reklamu.    <\/p>\n<p>PR\u00c1VA K DU\u0160EVN\u00cdMU VLASTNICTV\u00cd<br>Internetov\u00fd obchod a jeho obsah jsou majetkem spole\u010dnosti Hosemarket a jej\u00edch partner\u016f a jsou chr\u00e1n\u011bny autorsk\u00fdm pr\u00e1vem a dal\u0161\u00edmi pr\u00e1vy du\u0161evn\u00edho vlastnictv\u00ed.\nNeopr\u00e1vn\u011bn\u00e9 pou\u017eit\u00ed nebo kop\u00edrov\u00e1n\u00ed je zak\u00e1z\u00e1no.\nSpory t\u00fdkaj\u00edc\u00ed se pr\u00e1v du\u0161evn\u00edho vlastnictv\u00ed se \u0159\u00edd\u00ed finsk\u00fdm pr\u00e1vem.  <\/p>\n<p>VY\u0160\u0160\u00cd MOC<br>Spole\u010dnost Hosemarket nenese odpov\u011bdnost za \u0161kody nebo zpo\u017ed\u011bn\u00ed zp\u016fsoben\u00e9 p\u0159ek\u00e1\u017ekou mimo jej\u00ed kontrolu, kterou nemohla rozumn\u011b p\u0159edv\u00eddat nebo jejich\u017e n\u00e1sledk\u016fm nemohla zabr\u00e1nit.\nVy\u0161\u0161\u00ed moc zahrnuje nap\u0159\u00edklad v\u00e1lku, vzpouru, pracovn\u00ed spory, nemoc zam\u011bstnanc\u016f, z\u00e1kazy dovozu a v\u00fdvozu, p\u0159eru\u0161en\u00ed ve\u0159ejn\u00fdch telekomunikac\u00ed, v\u00fdpadky proudu a naru\u0161en\u00ed po\u0161tovn\u00edch slu\u017eeb nebo silni\u010dn\u00ed dopravy.\nPokud ud\u00e1lost vy\u0161\u0161\u00ed moci trv\u00e1 d\u00e9le ne\u017e m\u011bs\u00edc, m\u00e1 spole\u010dnost Hosemarket i z\u00e1kazn\u00edk pr\u00e1vo zru\u0161it transakci bez n\u00e1hrady nebo pokuty za zpo\u017ed\u011bn\u00ed.  <\/p>\n<p>Pokud pot\u0159ebujete dal\u0161\u00ed pomoc nebo m\u00e1te n\u011bjak\u00e9 dotazy, dejte mi pros\u00edm v\u011bd\u011bt!<\/p>\n\t\t\n<style>\n#text-3171860473 {\n  text-align: left;\n  color: rgb(0,0,0);\n}\n#text-3171860473 > * {\n  color: rgb(0,0,0);\n}\n<\/style>\n\t<\/div>\n\t\n\n\t\t<\/div>\n\t\t\t\t\n<style>\n#col-574302026 > .col-inner {\n  padding: 80px 20px 0px 20px;\n}\n@media (min-width:550px) {\n  #col-574302026 > .col-inner {\n    padding: 80px 20px 0px 20px;\n  }\n}\n@media (min-width:850px) {\n  #col-574302026 > .col-inner {\n    padding: 70px 0px 0px 0px;\n  }\n}\n<\/style>\n\t<\/div>\n\n\t\n\n<\/div>\n\n","protected":false},"excerpt":{"rendered":"","protected":false},"author":2,"featured_media":0,"parent":0,"menu_order":0,"comment_status":"closed","ping_status":"closed","template":"","meta":{"content-type":"","footnotes":""},"class_list":["post-578785","page","type-page","status-publish","hentry"],"_links":{"self":[{"href":"https:\/\/hosemarket.com\/cs\/wp-json\/wp\/v2\/pages\/578785","targetHints":{"allow":["GET"]}}],"collection":[{"href":"https:\/\/hosemarket.com\/cs\/wp-json\/wp\/v2\/pages"}],"about":[{"href":"https:\/\/hosemarket.com\/cs\/wp-json\/wp\/v2\/types\/page"}],"author":[{"embeddable":true,"href":"https:\/\/hosemarket.com\/cs\/wp-json\/wp\/v2\/users\/2"}],"replies":[{"embeddable":true,"href":"https:\/\/hosemarket.com\/cs\/wp-json\/wp\/v2\/comments?post=578785"}],"version-history":[{"count":0,"href":"https:\/\/hosemarket.com\/cs\/wp-json\/wp\/v2\/pages\/578785\/revisions"}],"wp:attachment":[{"href":"https:\/\/hosemarket.com\/cs\/wp-json\/wp\/v2\/media?parent=578785"}],"curies":[{"name":"wp","href":"https:\/\/api.w.org\/{rel}","templated":true}]}}